{"id":23167,"date":"2023-10-17T08:31:00","date_gmt":"2023-10-17T06:31:00","guid":{"rendered":"https:\/\/www.diocesidiroma.it\/camminosinodale\/?page_id=23167"},"modified":"2024-10-23T15:03:31","modified_gmt":"2024-10-23T13:03:31","slug":"documenti-cammino-sinodale-24-25","status":"publish","type":"page","link":"https:\/\/www.diocesidiroma.it\/camminosinodale\/index.php\/documenti-cammino-sinodale-24-25\/","title":{"rendered":"Documenti"},"content":{"rendered":"<div id=\"td_uid_1_69fcec6283dca\" class=\"tdc-row stretch_row_content td-stretch-content\"><div class=\"vc_row td_uid_1_69fcec6283dd0_rand  wpb_row td-pb-row\" ><div class=\"vc_column td_uid_2_69fcec6283ef8_rand  wpb_column vc_column_container tdc-column td-pb-span9\"><div class=\"wpb_wrapper\"><div class=\"td_block_wrap td_block_title td_uid_3_69fcec6283fc4_rand td-pb-border-top td_block_template_10\"  data-td-block-uid=\"td_uid_3_69fcec6283fc4\" >\n<style>\n\n\/* custom css *\/\n.td_uid_3_69fcec6283fc4_rand .td-block-title a,\r\n\t\t\t\t.td_uid_3_69fcec6283fc4_rand .td-block-title span {\r\n\t\t\t\t\tfont-size:35px !important;\r\n\t\t\t\t}\r\n\t\t\t\t\r\n\t\t\t\t.td_uid_3_69fcec6283fc4_rand .td-block-title {\r\n\t\t\t\t\ttext-align: center;\r\n\t\t\t\t}\r\n\t\t\t\t.td_uid_3_69fcec6283fc4_rand.td_block_template_4 .td-block-title > *:before {\r\n\t\t\t\t    right: 10px;\r\n\t\t\t\t}\r\n\t\t\t\t.td_uid_3_69fcec6283fc4_rand.td_block_template_8 .td-block-title > * {\r\n\t\t\t\t\tpadding-left: 20px;\r\n\t\t\t\t}\r\n\t\t\t\t.td_uid_3_69fcec6283fc4_rand.td_block_template_9 .td-block-title:after {\r\n\t\t\t\t\tright: 0;\r\n\t\t\t\t}\r\n\t\t\t\t.td_uid_3_69fcec6283fc4_rand.td_block_template_13 .td-block-subtitle {\r\n\t\t\t\t\tleft: 0;\r\n\t\t\t\t\tright: 0;\r\n\t\t\t\t}\n<\/style><h4 class=\"td-block-title\"><span class=\"td-pulldown-size\">Documenti<\/span><\/h4><div class=\"td_mod_wrap\"><\/div><\/div><div class=\"td_block_wrap td_block_text_with_title td_uid_4_69fcec6284595_rand td-pb-border-top td_block_template_10\"  data-td-block-uid=\"td_uid_4_69fcec6284595\" ><div class=\"td-block-title-wrap\"><\/div><div class=\"td_mod_wrap td-fix-index\"><p>&nbsp;<\/p>\n<ul>\n<li>\n<h3>IL PIANO PASTORALE DIOCESANO 2024-2025:<\/h3>\n<p>\u201cIl Piano Pastorale Diocesano che vi presentiamo in questo testo \u00e8 il frutto di un lavoro corale e sinodale. In esso sono confluite le proposte e le sensibilit\u00e0 delle singole comunit\u00e0 parrocchiali, dei Vescovi, dei Prefetti, dei Parroci, dei Responsabili degli uffici del Vicariato, dell\u2019\u00c9quipe sinodale, ecc.<br \/>\nInsomma, non un Piano calato dall\u2019alto, ma frutto di un costante ascolto di tutti, e sempre in ascolto di Colui che ci guida. Durante la fase sapienziale dello scorso anno abbiamo riservato ampio spazio al discernimento comunitario. Ci \u00e8 sembrato opportuno insistere sugli organismi di partecipazione come strumento e luogo concreto di discernimento.\u201d<\/p>\n<p style=\"text-align: right;\">(<em>Estratto dal Piano Pastorale Diocesano 2024-25<\/em>)<\/p>\n<h3><a style=\"background-color: #bf0101; color: #fff; padding-left: 5px;\" href=\"https:\/\/www.diocesidiroma.it\/camminosinodale\/wp-content\/uploads\/2024\/10\/PIANO-PASTORALE-DIOCESI-DI-ROMA-2024-25.pdf\" target=\"_blank\" rel=\"noopener\">\u00a0\u00a0 Scarica qui \u00a0\u00a0 <\/a><\/h3>\n<p>&nbsp;<\/li>\n<\/ul>\n<p>&nbsp;<\/p>\n<\/div><\/div><div class=\"wpb_wrapper td_block_separator td_block_wrap vc_separator td_uid_5_69fcec628462d_rand  td_separator_shadow td_separator_center\"><span style=\"color:#bcbcbc;width:100%;\"><span style=\"-moz-box-shadow:0 10px 10px 10px;;-webkit-box-shadow:0 10px 10px 10px;box-shadow:0 10px 10px 10px;\"><\/span><\/span><\/div><div class=\"vc_row_inner td_uid_6_69fcec6284642_rand  vc_row vc_inner wpb_row td-pb-row\" >\n<style scoped>\n\n\/* inline tdc_css att *\/\n\n\/* desktop *\/ @media(min-width: 1141px) { .td_uid_6_69fcec6284642_rand { \ndisplay:none !important;\n} }\n\n<\/style><div class=\"vc_column_inner td_uid_7_69fcec6284694_rand  wpb_column vc_column_container tdc-inner-column td-pb-span6\"><div class=\"vc_column-inner\"><div class=\"wpb_wrapper\"><div class=\"tdm_block td_block_wrap tdm_block_call_to_action td_uid_8_69fcec628474b_rand tds_call_to_action1 tdm-content-horiz-left tdm-content-vert-center td-pb-border-top td_block_template_10\"  data-td-block-uid=\"td_uid_8_69fcec628474b\" >\n<style>\n\n\/* inline tdc_css att *\/\n\n.td_uid_8_69fcec628474b_rand{\nmargin-bottom:-1% !important;\n}\n\n<\/style>\n<style>\n\n<\/style><div class=\"td-block-width tds-call-to-action1 td_uid_9_69fcec6286039\"><div class=\"td-block-row tdm-row td-fix-index\"><div class=\"td-block-span9 tdm-col\">\n<style>\n\n<\/style><div class=\"tds-title tds-title1 td-fix-index td_uid_10_69fcec62860ce\"><h1 class=\"tdm-title tdm-title-md\">Linee programmatiche della CEI<\/h1><\/div><\/div><div class=\"td-block-span3 tdm-col\">\n<style>\n.td_uid_11_69fcec62865d7 i:last-child {\r\n\t\t\t\t\tmargin-left: 14px;\r\n\t\t\t\t}\n<\/style><div class=\"tds-button td-fix-index\"><a href=\"#\" class=\"tds-button1 tdm-btn tdm-btn-md td_uid_11_69fcec62865d7\" ><span class=\"tdm-btn-text\">Scarica qui<\/span><i class=\"tdc-font-fa tdc-font-fa-chevron-right\"><\/i><\/a><\/div><\/div><\/div><\/div><\/div><\/div><\/div><\/div><div class=\"vc_column_inner td_uid_12_69fcec62867da_rand  wpb_column vc_column_container tdc-inner-column td-pb-span6\"><div class=\"vc_column-inner\"><div class=\"wpb_wrapper\"><div class=\"tdm_block td_block_wrap tdm_block_call_to_action td_uid_13_69fcec6286832_rand tds_call_to_action1 tdm-content-horiz-left tdm-content-vert-center td-pb-border-top td_block_template_10\"  data-td-block-uid=\"td_uid_13_69fcec6286832\" >\n<style>\n\n\/* inline tdc_css att *\/\n\n.td_uid_13_69fcec6286832_rand{\nmargin-bottom:-1% !important;\n}\n\n<\/style>\n<style>\n\n<\/style><div class=\"td-block-width tds-call-to-action1 td_uid_14_69fcec6286ac0\"><div class=\"td-block-row tdm-row td-fix-index\"><div class=\"td-block-span9 tdm-col\">\n<style>\n\n<\/style><div class=\"tds-title tds-title1 td-fix-index td_uid_15_69fcec6286ac5\"><h1 class=\"tdm-title tdm-title-md\">Il Documento della Diocesi di Roma<\/h1><\/div><\/div><div class=\"td-block-span3 tdm-col\">\n<style>\n.td_uid_16_69fcec6286b97 i:last-child {\r\n\t\t\t\t\tmargin-left: 14px;\r\n\t\t\t\t}\n<\/style><div class=\"tds-button td-fix-index\"><a href=\"#\" class=\"tds-button1 tdm-btn tdm-btn-md td_uid_16_69fcec6286b97\" ><span class=\"tdm-btn-text\">Scarica qui<\/span><i class=\"tdc-font-fa tdc-font-fa-chevron-right\"><\/i><\/a><\/div><\/div><\/div><\/div><\/div><\/div><\/div><\/div><\/div><\/div><\/div><div class=\"vc_column td_uid_17_69fcec6286d45_rand  wpb_column vc_column_container tdc-column td-pb-span3\"><div class=\"wpb_wrapper\"><div class=\"wpb_wrapper td_block_wrap vc_widget_sidebar td_uid_18_69fcec6286d7d_rand \" ><aside class=\"widget_text td_block_template_10 widget widget_custom_html\"><h4 class=\"td-block-title\"><span>Contatti<\/span><\/h4><div class=\"textwidget custom-html-widget\"><table style=\"text-align: center;\">\r\n<tbody>\r\n<tr>\r\n<td style=\"width: 100%; border: none; font-size: larger;\"><b><a href=\"https:\/\/www.diocesidiroma.it\/camminosinodale\/index.php\/contatta-i-nostri-uffici\/\"><input name=\"button\" value=\"Scrivi alla Segreteria Generale del Cammino Sinodale\" style=\"color:#000000; background-color: #25d366;border-radius: 10px;font-size: 16px;;width: -webkit-fill-available\" type=\"submit\"><\/a><br> <br>telefono: 0669886206<\/b><\/td>\r\n\t<\/tr>\r\n\t<tr>\r\n<td style=\"width: 30%; border: none; \"> <br>\r\n\t\t<script>\r\n\t\t\twindow.addEventListener('DOMContentLoaded', () => {\r\n\t\t\t\tvar mobileDetect = \/Android|webOS|iPhone|iPod|BlackBerry|IEMobile|Opera Mini\/i.test(navigator.userAgent),\r\n\t\t\t\t\tbtnRnd = document.querySelector('.cresta-whatsapp-chat-button.click-562');\r\n\t\t\t\tif (mobileDetect) {\r\n\t\t\t\t\tbtnRnd.querySelector('.cresta-whatsapp-chat-container-button').style.display = 'none';\r\n\t\t\t\t\tbtnRnd.addEventListener('click', () => {\r\n\t\t\t\t\t\twindow.location = 'whatsapp:\/\/send?text=&phone=+393316552350&abid=+393316552350';\r\n\t\t\t\t\t})\r\n\t\t\t\t} else {\r\n\t\t\t\t\tbtnRnd.addEventListener('click', () => {\r\n\t\t\t\t\t\tif (btnRnd.querySelector('.cresta-whatsapp-chat-container-button').classList.contains('open')) {\r\n\t\t\t\t\t\t\tbtnRnd.querySelector('.cresta-whatsapp-chat-container-button').classList.remove('open');\r\n\t\t\t\t\t\t} else {\r\n\t\t\t\t\t\t\tbtnRnd.querySelector('.cresta-whatsapp-chat-container-button').classList.add('open');\r\n\t\t\t\t\t\t\tsetTimeout (function () {\r\n\t\t\t\t\t\t\t\tbtnRnd.querySelector('textarea.cresta-whatsapp-textarea').focus();\r\n\t\t\t\t\t\t\t}, 100);\r\n\t\t\t\t\t\t}\r\n\t\t\t\t\t})\r\n\t\t\t\t\tbtnRnd.querySelector('.cresta-whatsapp-chat-container-button').addEventListener('click', e => {\r\n\t\t\t\t\t\te.stopPropagation();\r\n\t\t\t\t\t})\r\n\t\t\t\t\tbtnRnd.querySelector('.cresta-whatsapp-chat-container-button .cresta-whatsapp-send').addEventListener('click', () => {\r\n\t\t\t\t\t\tvar baseUrl = 'https:\/\/web.whatsapp.com\/send?phone=+393316552350&text=',\r\n\t\t\t\t\t\t\ttextEncode = encodeURIComponent(btnRnd.querySelector('.cresta-whatsapp-textarea').value);\r\n\t\t\t\t\t\twindow.open(baseUrl + textEncode, '_blank');\r\n\t\t\t\t\t})\r\n\t\t\t\t}\r\n\t\t\t});\r\n\t\t<\/script>\r\n\t\t<div class='cresta-whatsapp-chat-button click-562'>\r\n\t\t\t<svg id=\"whatsapp-msng-icon-button\" data-name=\"whatsapp icon\" xmlns=\"http:\/\/www.w3.org\/2000\/svg\" viewBox=\"0 0 800 800\"><path d=\"M519 454c4 2 7 10-1 31-6 16-33 29-49 29-96 0-189-113-189-167 0-26 9-39 18-48 8-9 14-10 18-10h12c4 0 9 0 13 10l19 44c5 11-9 25-15 31-3 3-6 7-2 13 25 39 41 51 81 71 6 3 10 1 13-2l19-24c5-6 9-4 13-2zM401 200c-110 0-199 90-199 199 0 68 35 113 35 113l-20 74 76-20s42 32 108 32c110 0 199-89 199-199 0-111-89-199-199-199zm0-40c133 0 239 108 239 239 0 132-108 239-239 239-67 0-114-29-114-29l-127 33 34-124s-32-49-32-119c0-131 108-239 239-239z\" style=\"fill:#ffffff\"\/><\/svg>\r\n\t\t\t<span>Contattaci via Whatsapp<\/span>\r\n\t\t\t<div class='cresta-whatsapp-chat-container-button bottom'>\r\n\t\t\t\t<div class=\"cresta-whatsapp-chat-top-header\"><span>Scrivi il messaggio<\/span><\/div>\r\n\t\t\t\t<div class='cresta-whatsapp-inner'>\r\n\t\t\t\t\t<textarea class='cresta-whatsapp-textarea' placeholder='Ciao! Usa questa casella per inviare un messaggio tramite WhatsApp...'><\/textarea>\r\n\t\t\t\t<\/div>\r\n\t\t\t\t<div class='cresta-whatsapp-to-send'>\r\n\t\t\t\t\t<div class='cresta-whatsapp-send'>Spedisci via WhatsApp<svg version='1.1' id='whatsapp-msng-icon-send' xmlns='http:\/\/www.w3.org\/2000\/svg' xmlns:xlink='http:\/\/www.w3.org\/1999\/xlink' x='0px' y='0px' width='20px' height='12px' viewBox='0 0 14 26' enable-background='new 0 0 14 26' xml:space='preserve'> <path d='M1,0c0.256,0,0.512,0.098,0.707,0.293l12,12c0.391,0.391,0.391,1.023,0,1.414l-12,12c-0.391,0.391-1.023,0.391-1.414,0s-0.391-1.023,0-1.414L11.586,13L0.293,1.707c-0.391-0.391-0.391-1.023,0-1.414C0.488,0.098,0.744,0,1,0z' style='fill: none; stroke-width:3; stroke: #ffffff'\/><\/svg><\/div>\r\n\t\t\t\t<\/div>\r\n\t\t\t<\/div>\r\n\t\t<\/div>\r\n\t\t<\/td>\r\n<\/tr>\r\n\t<style>\r\n\t.widget {\r\n    overflow: inherit;\r\n}\r\n\t\t.cresta-whatsapp-chat-button {\r\n\t\t\tcolor: #000000;\r\n\t\t}\r\n\t<\/style>\r\n<\/tbody>\r\n<\/table><\/div><\/aside><aside class=\"widget_text td_block_template_10 widget widget_custom_html\"><h4 class=\"td-block-title\"><span>Men\u00f9<\/span><\/h4><div class=\"textwidget custom-html-widget\"><div class=\"td_block_wrap td_block_list_menu td_uid_19_69fcec6286f55_rand td-pb-border-top td_block_template_10 widget\"  data-td-block-uid=\"td_uid_19_69fcec6286f55\" >\n<style>\n\n\/* custom css *\/\n.td_uid_19_69fcec6286f55_rand a {\r\n\t\t\t\t\tcolor: #bf0101;\r\n\t\t\t\t}\r\n\t\t\t\t\r\n\t\t\t\t.td_uid_19_69fcec6286f55_rand a {\r\n\t\t\t\t\tfont-size:22px !important;font-weight:600 !important;\r\n\t\t\t\t}\n<\/style><div class=\"td-block-title-wrap\"><\/div><div id=td_uid_19_69fcec6286f55 class=\"td_block_inner td-fix-index\"><div class=\"menu-cammino_sinodale_2023_2024-container\"><ul id=\"menu-cammino_sinodale_2023_2024\" class=\"menu\"><li id=\"menu-item-23186\" class=\"menu-item menu-item-type-custom menu-item-object-custom menu-item-home menu-item-23186\"><a href=\"https:\/\/www.diocesidiroma.it\/camminosinodale\/\">Cammino Sinodale 2003-2024<\/a><\/li>\n<li id=\"menu-item-23185\" class=\"menu-item menu-item-type-post_type menu-item-object-page menu-item-23185\"><a href=\"https:\/\/www.diocesidiroma.it\/camminosinodale\/index.php\/notizie-23-24\/\">Notizie<\/a><\/li>\n<li id=\"menu-item-23184\" class=\"menu-item menu-item-type-post_type menu-item-object-page menu-item-23184\"><a href=\"https:\/\/www.diocesidiroma.it\/camminosinodale\/index.php\/documenti-cammino-sinodale-24-25\/\">Documenti<\/a><\/li>\n<\/ul><\/div><\/div><\/div> <!-- .\/block -->\r\n<ul style=\"width: 100%; border: none; font-size: larger;\"><b><a href=\"https:\/\/www.diocesidiroma.it\/camminosinodale\/index.php\/faq\/\"><input name=\"button\" value=\"FAQ su Nuovo ''Consiglio Pastorale Parrocchiale  (CPP)''\" style=\"color:#000000; background-color: #25d366;border-radius: 10px;font-size: 16px;;width: -webkit-fill-available\" type=\"submit\"><\/a><\/b>\r\n<\/ul><\/div><\/aside><aside class=\"widget_text td_block_template_10 widget widget_custom_html\"><div class=\"textwidget custom-html-widget\"><br>\r\n\r\n<br>\r\n<br><\/div><\/aside><aside class=\"widget_text td_block_template_10 widget widget_custom_html\"><h4 class=\"td-block-title\"><span>Cammino Sinodale 2021 &#8211; 2022<\/span><\/h4><div class=\"textwidget custom-html-widget\"><div class=\"td_block_wrap td_block_list_menu td_uid_20_69fcec62889c7_rand td-pb-border-top td_block_template_10 widget\"  data-td-block-uid=\"td_uid_20_69fcec62889c7\" >\n<style>\n\n\/* custom css *\/\n.td_uid_20_69fcec62889c7_rand a {\r\n\t\t\t\t\tcolor: #bf0101;\r\n\t\t\t\t}\r\n\t\t\t\t\r\n\t\t\t\t.td_uid_20_69fcec62889c7_rand a {\r\n\t\t\t\t\tfont-size:22px !important;font-weight:600 !important;\r\n\t\t\t\t}\n<\/style><div class=\"td-block-title-wrap\"><\/div><div id=td_uid_20_69fcec62889c7 class=\"td_block_inner td-fix-index\"><div class=\"menu-cammino_sinodale_2021-2022-container\"><ul id=\"menu-cammino_sinodale_2021-2022\" class=\"menu\"><li id=\"menu-item-22909\" class=\"menu-item menu-item-type-post_type menu-item-object-page menu-item-22909\"><a href=\"https:\/\/www.diocesidiroma.it\/camminosinodale\/index.php\/hone-page-2021-2022\/\">Cammino Sinodale 2021-2022<\/a><\/li>\n<li id=\"menu-item-20589\" class=\"menu-item menu-item-type-custom menu-item-object-custom menu-item-20589\"><a href=\"https:\/\/www.diocesidiroma.it\/camminosinodale\/index.php\/il-cammino-sinodale\/\">Il Cammino Sinodale<\/a><\/li>\n<li id=\"menu-item-20591\" class=\"menu-item menu-item-type-custom menu-item-object-custom menu-item-20591\"><a href=\"https:\/\/www.diocesidiroma.it\/camminosinodale\/index.php\/documenti-cammino-sinodale-21-22\/\">Documenti<\/a><\/li>\n<li id=\"menu-item-20595\" class=\"menu-item menu-item-type-custom menu-item-object-custom menu-item-20595\"><a href=\"https:\/\/www.diocesidiroma.it\/camminosinodale\/index.php\/rete-di-preghiera-21-22\/\">Rete di Preghiera<\/a><\/li>\n<li id=\"menu-item-20598\" class=\"menu-item menu-item-type-custom menu-item-object-custom menu-item-20598\"><a href=\"https:\/\/www.diocesidiroma.it\/camminosinodale\/index.php\/notizie-21-22\/\">Notizie<\/a><\/li>\n<\/ul><\/div><\/div><\/div> <!-- .\/block --><\/div><\/aside><aside class=\"widget_text td_block_template_10 widget widget_custom_html\"><h4 class=\"td-block-title\"><span>Cammino Sinodale 2022 &#8211; 2023<\/span><\/h4><div class=\"textwidget custom-html-widget\"><div class=\"td_block_wrap td_block_list_menu td_uid_21_69fcec628a1ef_rand td-pb-border-top td_block_template_10 widget\"  data-td-block-uid=\"td_uid_21_69fcec628a1ef\" >\n<style>\n\n\/* custom css *\/\n.td_uid_21_69fcec628a1ef_rand a {\r\n\t\t\t\t\tcolor: #bf0101;\r\n\t\t\t\t}\r\n\t\t\t\t\r\n\t\t\t\t.td_uid_21_69fcec628a1ef_rand a {\r\n\t\t\t\t\tfont-size:22px !important;font-weight:600 !important;\r\n\t\t\t\t}\n<\/style><div class=\"td-block-title-wrap\"><\/div><div id=td_uid_21_69fcec628a1ef class=\"td_block_inner td-fix-index\"><div class=\"menu-cammino_sinodale_2022-2023-container\"><ul id=\"menu-cammino_sinodale_2022-2023\" class=\"menu\"><li id=\"menu-item-23208\" class=\"menu-item menu-item-type-post_type menu-item-object-page menu-item-23208\"><a href=\"https:\/\/www.diocesidiroma.it\/camminosinodale\/index.php\/home-cammino-sinodale-2022-2023\/\">Cammino Sinodale 2022-2023<\/a><\/li>\n<li id=\"menu-item-22926\" class=\"menu-item menu-item-type-post_type menu-item-object-page menu-item-22926\"><a href=\"https:\/\/www.diocesidiroma.it\/camminosinodale\/index.php\/i-cantieri-di-betania\/\">I Cantieri di Betania<\/a><\/li>\n<li id=\"menu-item-22940\" class=\"menu-item menu-item-type-post_type menu-item-object-page menu-item-22940\"><a href=\"https:\/\/www.diocesidiroma.it\/camminosinodale\/index.php\/documenti-cammino-sinodale-22-23\/\">Documenti<\/a><\/li>\n<li id=\"menu-item-22938\" class=\"menu-item menu-item-type-post_type menu-item-object-page menu-item-22938\"><a href=\"https:\/\/www.diocesidiroma.it\/camminosinodale\/index.php\/rete-di-preghiera-22-23\/\">Rete di Preghiera<\/a><\/li>\n<li id=\"menu-item-22939\" class=\"menu-item menu-item-type-post_type menu-item-object-page menu-item-22939\"><a href=\"https:\/\/www.diocesidiroma.it\/camminosinodale\/index.php\/notizie-22-23\/\">Notizie<\/a><\/li>\n<\/ul><\/div><\/div><\/div> <!-- .\/block --><\/div><\/aside><aside class=\"widget_text td_block_template_10 widget widget_custom_html\"><h4 class=\"td-block-title\"><span>Cammino Sinodale 2023 &#8211; 2024<\/span><\/h4><div class=\"textwidget custom-html-widget\"><div class=\"td_block_wrap td_block_list_menu td_uid_22_69fcec628c36d_rand td-pb-border-top td_block_template_10 widget\"  data-td-block-uid=\"td_uid_22_69fcec628c36d\" >\n<style>\n\n\/* custom css *\/\n.td_uid_22_69fcec628c36d_rand a {\r\n\t\t\t\t\tcolor: #bf0101;\r\n\t\t\t\t}\r\n\t\t\t\t\r\n\t\t\t\t.td_uid_22_69fcec628c36d_rand a {\r\n\t\t\t\t\tfont-size:22px !important;font-weight:600 !important;\r\n\t\t\t\t}\n<\/style><div class=\"td-block-title-wrap\"><\/div><div id=td_uid_22_69fcec628c36d class=\"td_block_inner td-fix-index\"><div class=\"menu-cammino_sinodale_2023_2024-container\"><ul id=\"menu-cammino_sinodale_2023_2024-1\" class=\"menu\"><li class=\"menu-item menu-item-type-custom menu-item-object-custom menu-item-home menu-item-23186\"><a href=\"https:\/\/www.diocesidiroma.it\/camminosinodale\/\">Cammino Sinodale 2003-2024<\/a><\/li>\n<li class=\"menu-item menu-item-type-post_type menu-item-object-page menu-item-23185\"><a href=\"https:\/\/www.diocesidiroma.it\/camminosinodale\/index.php\/notizie-23-24\/\">Notizie<\/a><\/li>\n<li class=\"menu-item menu-item-type-post_type menu-item-object-page menu-item-23184\"><a href=\"https:\/\/www.diocesidiroma.it\/camminosinodale\/index.php\/documenti-cammino-sinodale-24-25\/\">Documenti<\/a><\/li>\n<\/ul><\/div><\/div><\/div> <!-- .\/block --><\/div><\/aside><\/div><\/div><\/div><\/div><\/div>","protected":false},"excerpt":{"rendered":"\/* custom css *\/ .td_uid_25_69fcec628cf5b_rand .td-block-title a, .td_uid_25_69fcec628cf5b_rand .td-block-title span { font-size:35px !important; } .td_uid_25_69fcec628cf5b_rand .td-block-title { text-align: center; } .td_uid_25_69fcec628cf5b_rand.td_block_template_4 .td-block-title > *:before { right: 10px; } .td_uid_25_69fcec628cf5b_rand.td_block_template_8 .td-block-title > * { padding-left: 20px; } .td_uid_25_69fcec628cf5b_rand.td_block_template_9 .td-block-title:after { right: 0; } .td_uid_25_69fcec628cf5b_rand.td_block_template_13 .td-block-subtitle { left: 0; right: 0; } Documenti&nbsp; IL PIANO PASTORALE DIOCESANO [...]","protected":false},"author":14,"featured_media":0,"parent":0,"menu_order":0,"comment_status":"closed","ping_status":"closed","template":"","meta":{"footnotes":""},"class_list":["post-23167","page","type-page","status-publish","hentry"],"_links":{"self":[{"href":"https:\/\/www.diocesidiroma.it\/camminosinodale\/index.php\/wp-json\/wp\/v2\/pages\/23167","targetHints":{"allow":["GET"]}}],"collection":[{"href":"https:\/\/www.diocesidiroma.it\/camminosinodale\/index.php\/wp-json\/wp\/v2\/pages"}],"about":[{"href":"https:\/\/www.diocesidiroma.it\/camminosinodale\/index.php\/wp-json\/wp\/v2\/types\/page"}],"author":[{"embeddable":true,"href":"https:\/\/www.diocesidiroma.it\/camminosinodale\/index.php\/wp-json\/wp\/v2\/users\/14"}],"replies":[{"embeddable":true,"href":"https:\/\/www.diocesidiroma.it\/camminosinodale\/index.php\/wp-json\/wp\/v2\/comments?post=23167"}],"version-history":[{"count":18,"href":"https:\/\/www.diocesidiroma.it\/camminosinodale\/index.php\/wp-json\/wp\/v2\/pages\/23167\/revisions"}],"predecessor-version":[{"id":23367,"href":"https:\/\/www.diocesidiroma.it\/camminosinodale\/index.php\/wp-json\/wp\/v2\/pages\/23167\/revisions\/23367"}],"wp:attachment":[{"href":"https:\/\/www.diocesidiroma.it\/camminosinodale\/index.php\/wp-json\/wp\/v2\/media?parent=23167"}],"curies":[{"name":"wp","href":"https:\/\/api.w.org\/{rel}","templated":true}]}}