{"id":23290,"date":"2024-05-02T14:27:59","date_gmt":"2024-05-02T12:27:59","guid":{"rendered":"https:\/\/www.diocesidiroma.it\/camminosinodale\/?page_id=23290"},"modified":"2024-10-23T15:05:48","modified_gmt":"2024-10-23T13:05:48","slug":"lequipe-sinodale-diocesana","status":"publish","type":"page","link":"https:\/\/www.diocesidiroma.it\/camminosinodale\/index.php\/lequipe-sinodale-diocesana\/","title":{"rendered":"L\u2019\u00c9quipe Sinodale Diocesana"},"content":{"rendered":"<p>A servizio della Diocesi di Roma, continua l\u2019impegno dell\u2019\u00c9quipe Sinodale Diocesana: a disposizione per chiarimenti e informazioni ma anche per incontri e confronto sui temi sinodali presso le vostre comunit\u00e0.<\/p>\n<ul>\n<li><strong>L\u2019\u00c9quipe Sinodale Diocesana<\/strong>, costituita nel\u00a0<strong>novembre 2021<\/strong>, ha accompagnato il cammino sinodale delle nostre parrocchie aiutandoci a vivere il\u00a0<strong>tempo dell\u2019ascolto<\/strong>\u00a0con un lavoro prezioso ed efficace; ha fatto si che le\u00a0<strong>domande proposte dalla CEI<\/strong>\u00a0arrivassero in tutti gli ambienti (non solo le parrocchie) e si avviasse una fase molto feconda di cui tutti siamo stati testimoni. Una volta inviate le piste di riflessione l\u2019\u00c9quipe si \u00e8 incaricata di motivare le singole realt\u00e0 affinch\u00e9 arrivassero nei tempi previsti a raccogliere le risposte che man mano venivano formulate. Da l\u00ec \u00e8 iniziato il lavoro pi\u00f9 complesso: quello di mettere mano alla\u00a0<strong>sintesi<\/strong>\u00a0<strong>diocesana<\/strong>\u00a0che raccogliesse tematicamente le migliaia di contributi pervenuti in Vicariato. Il lavoro finale \u00e8 stato straordinario e ancora oggi \u00e8 un riferimento puntuale per i programmi pastorali successivi.<\/li>\n<li>A Gennaio del 2023 il Santo Padre ha dato alla Diocesi una nuova Costituzione (<em>In Ecclesiarum Communione<\/em>) nella quale, tra l\u2019altro, chiedeva di realizzare gli\u00a0<strong>organismi di partecipazione<\/strong>: il\u00a0<strong>Consiglio Pastorale Parrocchiale<\/strong>, quello di\u00a0<strong>Prefettura<\/strong>, quello di\u00a0<strong>Settore<\/strong>\u00a0e quello\u00a0<strong>Diocesano<\/strong>. Al Consiglio Episcopale \u00e8 sembrato naturale chiedere all\u2019 \u00c9quipe Sinodale di continuare il lavoro fatto durante la prima parte del Sinodo per accompagnare le Parrocchie e tutta quanta la Diocesi nella costituzione di detti organismi. \u00c8 sembrata la prosecuzione logica del lavoro avviato durante il Sinodo. Se nella prima parte l\u2019accento era stato posto sull\u2019ascolto di tutti alla luce delle risposte e delle indicazioni del nostro Vescovo contenute nella Costituzione, adesso si tratta di\u00a0<strong>fare in modo che i \u201ctutti<\/strong>\u201d (cio\u00e8 tutto il popolo santo di Dio)\u00a0<strong>partecipino alla vita ecclesiale<\/strong>\u00a0per mezzo di organismi che vanno formati, accompagnati e sostenuti.<\/li>\n<li>L\u2019\u00c9quipe insieme ad alcuni Vescovi Ausiliari\u00a0<strong>si incontra mensilmente<\/strong>\u00a0per realizzare pazientemente questo lavoro.\n<ol>\n<li>La prima tappa \u00e8 stata quella della formazione dello\u00a0<strong>Statuto del Consiglio Pastorale Parrocchiale<\/strong>. Sono stati interpellati i parroci, alcuni laici appartenenti a gruppi, movimenti e associazioni, i Prefetti e a ottobre \u00e8 stato sottoposto al Santo Padre la bozza dello Statuto che \u00e8 stato approvato in data 8 settembre 2023. Una volta approvato lo Statuto l\u2019\u00c9quipe si \u00e8 presa l\u2019impegno di\u00a0<strong>aiutare le parrocchie ad applicarlo<\/strong>\u00a0attraverso incontri di formazione e momenti di confronto con i laici componenti dei Consigli Parrocchiali.<\/li>\n<li>Completato questa prima fase si \u00e8 proceduto a mettere mano al\u00a0<strong>Consiglio Pastorale di Prefettura<\/strong>. Anche questa tappa sta per essere vissuta in stile sinodale. Ci si \u00e8 messi in ascolto dei Prefetti chiedendo loro un contributo a partire dalla loro esperienza e adesso si sta lavorando per individuare le finalit\u00e0 di questo organismo totalmente nuovo.<\/li>\n<li>Una volta completato il lavoro si provveder\u00e0 a definire il\u00a0<strong>Consiglio Pastorale Diocesano<\/strong>, rimandando all\u2019inizio del nuovo anno la formazione del\u00a0<strong>Consiglio Pastorale di Settore<\/strong>.<\/li>\n<\/ol>\n<\/li>\n<\/ul>\n<p>I membri dell\u2019\u00c9quipe Sinodale Diocesana sono:<\/p>\n<p><strong>Don Stefano Cascio<\/strong>\u00a0e\u00a0<strong>Maria Doretta Di Pompeo\u00a0<\/strong>(referenti diocesani e coordinatori).<br \/>\nIl Vicario Generale per la Diocesi di Roma: <strong>Mons. Baldo Reina<\/strong>.<br \/>\nI vescovi:\u00a0<strong>Mons. Benoni Ambarus<\/strong>,\u00a0<strong>Mons. Dario Gervasi<\/strong>\u00a0e\u00a0<strong>Mons. Paolo Ricciardi<\/strong>. Poi:\u00a0<strong>Chiara Caporilli, Emma Ciccarelli<\/strong>,\u00a0<strong>Chiara D\u2019Onofrio<\/strong>,\u00a0<strong>Michele Angelo Di Bari<\/strong>,\u00a0<strong>Antonella Lombardi<\/strong>,\u00a0<strong>Simone Pacioni<\/strong>,\u00a0<strong>Paolo Perelli<\/strong>,\u00a0<strong>Pier Marco Trulli<\/strong>\u00a0e\u00a0<strong>Sergio Ventura<\/strong>.<\/p>\n<p>Per contattare l\u2019\u00c9quipe sono a disposizione un indirizzo email,\u00a0<strong>equipesinodale@diocesidiroma.it<\/strong>\u00a0e un numero di telefono:\u00a0<strong>06.6988.6206<\/strong>. Inoltre, \u00e8 possibile inviare messaggi tramite Whatsapp, come indicato in alto a destra nella pagina, sotto la voce \u201cContatti\u201d.<\/p>\n<p>&nbsp;<\/p>\n<p>&nbsp;<\/p>\n<p>&nbsp;<\/p>\n<p>&nbsp;<\/p>\n","protected":false},"excerpt":{"rendered":"<p>A servizio della Diocesi di Roma, continua l\u2019impegno dell\u2019\u00c9quipe Sinodale Diocesana: a disposizione per chiarimenti e informazioni ma anche per incontri e confronto sui temi sinodali presso le vostre comunit\u00e0. L\u2019\u00c9quipe Sinodale Diocesana, costituita nel\u00a0novembre 2021, ha accompagnato il cammino sinodale delle nostre parrocchie aiutandoci a vivere il\u00a0tempo dell\u2019ascolto\u00a0con un lavoro prezioso ed efficace; ha [&hellip;]<\/p>\n","protected":false},"author":14,"featured_media":0,"parent":0,"menu_order":0,"comment_status":"closed","ping_status":"closed","template":"","meta":{"footnotes":""},"class_list":["post-23290","page","type-page","status-publish","hentry"],"_links":{"self":[{"href":"https:\/\/www.diocesidiroma.it\/camminosinodale\/index.php\/wp-json\/wp\/v2\/pages\/23290","targetHints":{"allow":["GET"]}}],"collection":[{"href":"https:\/\/www.diocesidiroma.it\/camminosinodale\/index.php\/wp-json\/wp\/v2\/pages"}],"about":[{"href":"https:\/\/www.diocesidiroma.it\/camminosinodale\/index.php\/wp-json\/wp\/v2\/types\/page"}],"author":[{"embeddable":true,"href":"https:\/\/www.diocesidiroma.it\/camminosinodale\/index.php\/wp-json\/wp\/v2\/users\/14"}],"replies":[{"embeddable":true,"href":"https:\/\/www.diocesidiroma.it\/camminosinodale\/index.php\/wp-json\/wp\/v2\/comments?post=23290"}],"version-history":[{"count":5,"href":"https:\/\/www.diocesidiroma.it\/camminosinodale\/index.php\/wp-json\/wp\/v2\/pages\/23290\/revisions"}],"predecessor-version":[{"id":23369,"href":"https:\/\/www.diocesidiroma.it\/camminosinodale\/index.php\/wp-json\/wp\/v2\/pages\/23290\/revisions\/23369"}],"wp:attachment":[{"href":"https:\/\/www.diocesidiroma.it\/camminosinodale\/index.php\/wp-json\/wp\/v2\/media?parent=23290"}],"curies":[{"name":"wp","href":"https:\/\/api.w.org\/{rel}","templated":true}]}}