{"id":18,"date":"2018-03-04T19:24:34","date_gmt":"2018-03-04T18:24:34","guid":{"rendered":"http:\/\/192.168.220.10\/sanitaria\/?page_id=18"},"modified":"2018-03-08T14:23:57","modified_gmt":"2018-03-08T13:23:57","slug":"my-calendar","status":"publish","type":"page","link":"https:\/\/www.diocesidiroma.it\/diaconato\/index.php\/my-calendar\/","title":{"rendered":"Calendario Eventi"},"content":{"rendered":"<div id=\"my-calendar\" class=\"mc-main mcjs calendar month my-calendar\" aria-live='assertive' aria-atomic='true'><div class=\"my-calendar-header\">\r\r\n\t\t\t\t<div class=\"my-calendar-nav\">\r\r\n\t\t\t\t\t<ul>\r\r\n\t\t\t\t\t\t<li class=\"my-calendar-prev\"><a href=\"https:\/\/www.diocesidiroma.it\/diaconato\/index.php\/my-calendar\/?yr=2026&#038;month=3&#038;dy&#038;cid=my-calendar\" rel=\"nofollow\" class=\"mcajax\"><span class='maybe-hide'>Precendente<\/span><\/a><\/li><li class=\"my-calendar-next\"><a href=\"https:\/\/www.diocesidiroma.it\/diaconato\/index.php\/my-calendar\/?yr=2026&#038;month=5&#038;dy&#038;cid=my-calendar\" rel=\"nofollow\" class=\"mcajax\"><span class='maybe-hide'>Successivo<\/span><\/a><\/li>\r\r\n\t\t\t\t\t<\/ul>\r\r\n\t\t\t\t<\/div><div class=\"my-calendar-date-switcher\">\r\r\n            <form action=\"\/\" method=\"get\"><div><input type=\"hidden\" name=\"cid\" value=\"my-calendar\" \/>\r\r\n            <label class=\"maybe-hide\" for=\"my-calendar-month\">Mese:<\/label> <select id=\"my-calendar-month\" name=\"month\">\n<option value='1'>Gennaio<\/option>\n<option value='2'>Febbraio<\/option>\n<option value='3'>Marzo<\/option>\n<option value='4' selected=\"selected\">Aprile<\/option>\n<option value='5'>Maggio<\/option>\n<option value='6'>Giugno<\/option>\n<option value='7'>Luglio<\/option>\n<option value='8'>Agosto<\/option>\n<option value='9'>Settembre<\/option>\n<option value='10'>Ottobre<\/option>\n<option value='11'>Novembre<\/option>\n<option value='12'>Dicembre<\/option>\n<\/select>\n\r\r\n            <label class=\"maybe-hide\" for=\"my-calendar-year\">Anno:<\/label> <select id=\"my-calendar-year\" name=\"yr\">\n<option value=\"2018\">2018<\/option>\n<option value=\"2019\">2019<\/option>\n<option value=\"2020\">2020<\/option>\n<option value=\"2021\">2021<\/option>\n<option value=\"2022\">2022<\/option>\n<option value=\"2023\">2023<\/option>\n<option value=\"2024\">2024<\/option>\n<option value=\"2025\">2025<\/option>\n<option value=\"2026\" selected=\"selected\">2026<\/option>\n<option value=\"2027\">2027<\/option>\n<option value=\"2028\">2028<\/option>\n<option value=\"2029\">2029<\/option>\n<option value=\"2030\">2030<\/option>\n<\/select> <input type=\"submit\" class=\"button\" value=\"Vai\" \/><\/div>\r\r\n\t<\/form><\/div><\/div>\n<table class=\"my-calendar-table\">\n<caption class=\"heading my-calendar-month\">Aprile 2026 <\/caption>\n<thead>\n<tr class='mc-row'>\n<th scope=\"col\" class='day-heading mon'><abbr title='luned\u00ec' aria-hidden='true'>Lun<\/abbr><span class='screen-reader-text'>luned\u00ec<\/span><\/th>\n<th scope=\"col\" class='day-heading tues'><abbr title='marted\u00ec' aria-hidden='true'>Mar<\/abbr><span class='screen-reader-text'>marted\u00ec<\/span><\/th>\n<th scope=\"col\" class='day-heading wed'><abbr title='mercoled\u00ec' aria-hidden='true'>Mer<\/abbr><span class='screen-reader-text'>mercoled\u00ec<\/span><\/th>\n<th scope=\"col\" class='day-heading thur'><abbr title='gioved\u00ec' aria-hidden='true'>Gio<\/abbr><span class='screen-reader-text'>gioved\u00ec<\/span><\/th>\n<th scope=\"col\" class='day-heading fri'><abbr title='venerd\u00ec' aria-hidden='true'>Ven<\/abbr><span class='screen-reader-text'>venerd\u00ec<\/span><\/th>\n<th scope=\"col\" class='weekend-heading sat'><abbr title='sabato' aria-hidden='true'>Sab<\/abbr><span class='screen-reader-text'>sabato<\/span><\/th>\n<th scope=\"col\" class='weekend-heading sun'><abbr title='domenica' aria-hidden='true'>Dom<\/abbr><span class='screen-reader-text'>domenica<\/span><\/th>\n\n<\/tr>\n<\/thead>\n<tbody><tr class='mc-row'>\r\r\n\t\t\t\t\t\t\t\t\t\t\t\t<td  class='no-events lun past-day past-date  nextmonth day-with-date'>\r\r\n\t\t\t\t\t\t\t\t\t\t\t\t\t<span class='mc-date no-events'><span aria-hidden='true'>30<\/span><span class='screen-reader-text'>30 Marzo 2026<\/span><\/span>\r\r\n\t\t\t\t\t\t\t\t\t\t\t\t<\/td>\n\r\r\n\t\t\t\t\t\t\t\t\t\t\t\t<td  class='no-events mar past-day past-date  nextmonth day-with-date'>\r\r\n\t\t\t\t\t\t\t\t\t\t\t\t\t<span class='mc-date no-events'><span aria-hidden='true'>31<\/span><span class='screen-reader-text'>31 Marzo 2026<\/span><\/span>\r\r\n\t\t\t\t\t\t\t\t\t\t\t\t<\/td>\n\r\r\n\t\t\t\t\t\t\t\t\t\t\t\t<td  class='no-events mer past-day past-date   day-with-date'>\r\r\n\t\t\t\t\t\t\t\t\t\t\t\t\t<span class='mc-date no-events'><span aria-hidden='true'>1<\/span><span class='screen-reader-text'>1 Aprile 2026<\/span><\/span>\r\r\n\t\t\t\t\t\t\t\t\t\t\t\t<\/td>\n\r\r\n\t\t\t\t\t\t\t\t\t\t\t\t<td  class='no-events gio past-day past-date   day-with-date'>\r\r\n\t\t\t\t\t\t\t\t\t\t\t\t\t<span class='mc-date no-events'><span aria-hidden='true'>2<\/span><span class='screen-reader-text'>2 Aprile 2026<\/span><\/span>\r\r\n\t\t\t\t\t\t\t\t\t\t\t\t<\/td>\n\r\r\n\t\t\t\t\t\t\t\t\t\t\t\t<td  class='no-events ven past-day past-date   day-with-date'>\r\r\n\t\t\t\t\t\t\t\t\t\t\t\t\t<span class='mc-date no-events'><span aria-hidden='true'>3<\/span><span class='screen-reader-text'>3 Aprile 2026<\/span><\/span>\r\r\n\t\t\t\t\t\t\t\t\t\t\t\t<\/td>\n\r\r\n\t\t\t\t\t\t\t\t\t\t\t\t<td  class='no-events sab past-day past-date weekend  day-with-date'>\r\r\n\t\t\t\t\t\t\t\t\t\t\t\t\t<span class='mc-date no-events'><span aria-hidden='true'>4<\/span><span class='screen-reader-text'>4 Aprile 2026<\/span><\/span>\r\r\n\t\t\t\t\t\t\t\t\t\t\t\t<\/td>\n\r\r\n\t\t\t\t\t\t\t\t\t\t\t\t<td  class='no-events dom past-day past-date weekend  day-with-date'>\r\r\n\t\t\t\t\t\t\t\t\t\t\t\t\t<span class='mc-date no-events'><span aria-hidden='true'>5<\/span><span class='screen-reader-text'>5 Aprile 2026<\/span><\/span>\r\r\n\t\t\t\t\t\t\t\t\t\t\t\t<\/td>\n<\/tr>\n<tr class='mc-row'>\r\r\n\t\t\t\t\t\t\t\t\t\t\t\t<td  class='no-events lun past-day past-date   day-with-date'>\r\r\n\t\t\t\t\t\t\t\t\t\t\t\t\t<span class='mc-date no-events'><span aria-hidden='true'>6<\/span><span class='screen-reader-text'>6 Aprile 2026<\/span><\/span>\r\r\n\t\t\t\t\t\t\t\t\t\t\t\t<\/td>\n\r\r\n\t\t\t\t\t\t\t\t\t\t\t\t<td  class='no-events mar past-day past-date   day-with-date'>\r\r\n\t\t\t\t\t\t\t\t\t\t\t\t\t<span class='mc-date no-events'><span aria-hidden='true'>7<\/span><span class='screen-reader-text'>7 Aprile 2026<\/span><\/span>\r\r\n\t\t\t\t\t\t\t\t\t\t\t\t<\/td>\n\r\r\n\t\t\t\t\t\t\t\t\t\t\t\t<td  class='no-events mer past-day past-date   day-with-date'>\r\r\n\t\t\t\t\t\t\t\t\t\t\t\t\t<span class='mc-date no-events'><span aria-hidden='true'>8<\/span><span class='screen-reader-text'>8 Aprile 2026<\/span><\/span>\r\r\n\t\t\t\t\t\t\t\t\t\t\t\t<\/td>\n\r\r\n\t\t\t\t\t\t\t\t\t\t\t\t<td  class='no-events gio past-day past-date   day-with-date'>\r\r\n\t\t\t\t\t\t\t\t\t\t\t\t\t<span class='mc-date no-events'><span aria-hidden='true'>9<\/span><span class='screen-reader-text'>9 Aprile 2026<\/span><\/span>\r\r\n\t\t\t\t\t\t\t\t\t\t\t\t<\/td>\n\r\r\n\t\t\t\t\t\t\t\t\t\t\t\t<td  class='no-events ven past-day past-date   day-with-date'>\r\r\n\t\t\t\t\t\t\t\t\t\t\t\t\t<span class='mc-date no-events'><span aria-hidden='true'>10<\/span><span class='screen-reader-text'>10 Aprile 2026<\/span><\/span>\r\r\n\t\t\t\t\t\t\t\t\t\t\t\t<\/td>\n\r\r\n\t\t\t\t\t\t\t\t\t\t\t\t<td  class='no-events sab past-day past-date weekend  day-with-date'>\r\r\n\t\t\t\t\t\t\t\t\t\t\t\t\t<span class='mc-date no-events'><span aria-hidden='true'>11<\/span><span class='screen-reader-text'>11 Aprile 2026<\/span><\/span>\r\r\n\t\t\t\t\t\t\t\t\t\t\t\t<\/td>\n\r\r\n\t\t\t\t\t\t\t\t\t\t\t\t<td  class='no-events dom past-day past-date weekend  day-with-date'>\r\r\n\t\t\t\t\t\t\t\t\t\t\t\t\t<span class='mc-date no-events'><span aria-hidden='true'>12<\/span><span class='screen-reader-text'>12 Aprile 2026<\/span><\/span>\r\r\n\t\t\t\t\t\t\t\t\t\t\t\t<\/td>\n<\/tr>\n<tr class='mc-row'>\r\r\n\t\t\t\t\t\t\t\t\t\t\t\t<td  class='no-events lun past-day past-date   day-with-date'>\r\r\n\t\t\t\t\t\t\t\t\t\t\t\t\t<span class='mc-date no-events'><span aria-hidden='true'>13<\/span><span class='screen-reader-text'>13 Aprile 2026<\/span><\/span>\r\r\n\t\t\t\t\t\t\t\t\t\t\t\t<\/td>\n\r\r\n\t\t\t\t\t\t\t\t\t\t\t\t<td  class='no-events mar past-day past-date   day-with-date'>\r\r\n\t\t\t\t\t\t\t\t\t\t\t\t\t<span class='mc-date no-events'><span aria-hidden='true'>14<\/span><span class='screen-reader-text'>14 Aprile 2026<\/span><\/span>\r\r\n\t\t\t\t\t\t\t\t\t\t\t\t<\/td>\n\r\r\n\t\t\t\t\t\t\t\t\t\t\t\t<td  class='no-events mer past-day past-date   day-with-date'>\r\r\n\t\t\t\t\t\t\t\t\t\t\t\t\t<span class='mc-date no-events'><span aria-hidden='true'>15<\/span><span class='screen-reader-text'>15 Aprile 2026<\/span><\/span>\r\r\n\t\t\t\t\t\t\t\t\t\t\t\t<\/td>\n\r\r\n\t\t\t\t\t\t\t\t\t\t\t\t<td  class='no-events gio past-day past-date   day-with-date'>\r\r\n\t\t\t\t\t\t\t\t\t\t\t\t\t<span class='mc-date no-events'><span aria-hidden='true'>16<\/span><span class='screen-reader-text'>16 Aprile 2026<\/span><\/span>\r\r\n\t\t\t\t\t\t\t\t\t\t\t\t<\/td>\n\r\r\n\t\t\t\t\t\t\t\t\t\t\t\t<td  class='no-events ven past-day past-date   day-with-date'>\r\r\n\t\t\t\t\t\t\t\t\t\t\t\t\t<span class='mc-date no-events'><span aria-hidden='true'>17<\/span><span class='screen-reader-text'>17 Aprile 2026<\/span><\/span>\r\r\n\t\t\t\t\t\t\t\t\t\t\t\t<\/td>\n\r\r\n\t\t\t\t\t\t\t\t\t\t\t\t<td  class='no-events sab past-day past-date weekend  day-with-date'>\r\r\n\t\t\t\t\t\t\t\t\t\t\t\t\t<span class='mc-date no-events'><span aria-hidden='true'>18<\/span><span class='screen-reader-text'>18 Aprile 2026<\/span><\/span>\r\r\n\t\t\t\t\t\t\t\t\t\t\t\t<\/td>\n\r\r\n\t\t\t\t\t\t\t\t\t\t\t\t<td  class='no-events dom past-day past-date weekend  day-with-date'>\r\r\n\t\t\t\t\t\t\t\t\t\t\t\t\t<span class='mc-date no-events'><span aria-hidden='true'>19<\/span><span class='screen-reader-text'>19 Aprile 2026<\/span><\/span>\r\r\n\t\t\t\t\t\t\t\t\t\t\t\t<\/td>\n<\/tr>\n<tr class='mc-row'>\r\r\n\t\t\t\t\t\t\t\t\t\t\t\t<td  class='no-events lun past-day past-date   day-with-date'>\r\r\n\t\t\t\t\t\t\t\t\t\t\t\t\t<span class='mc-date no-events'><span aria-hidden='true'>20<\/span><span class='screen-reader-text'>20 Aprile 2026<\/span><\/span>\r\r\n\t\t\t\t\t\t\t\t\t\t\t\t<\/td>\n\r\r\n\t\t\t\t\t\t\t\t\t\t\t\t<td  class='no-events mar past-day past-date   day-with-date'>\r\r\n\t\t\t\t\t\t\t\t\t\t\t\t\t<span class='mc-date no-events'><span aria-hidden='true'>21<\/span><span class='screen-reader-text'>21 Aprile 2026<\/span><\/span>\r\r\n\t\t\t\t\t\t\t\t\t\t\t\t<\/td>\n\r\r\n\t\t\t\t\t\t\t\t\t\t\t\t<td  class='no-events mer past-day past-date   day-with-date'>\r\r\n\t\t\t\t\t\t\t\t\t\t\t\t\t<span class='mc-date no-events'><span aria-hidden='true'>22<\/span><span class='screen-reader-text'>22 Aprile 2026<\/span><\/span>\r\r\n\t\t\t\t\t\t\t\t\t\t\t\t<\/td>\n\r\r\n\t\t\t\t\t\t\t\t\t\t\t\t<td  aria-current=\"date\" class='no-events gio current-day   day-with-date'>\r\r\n\t\t\t\t\t\t\t\t\t\t\t\t\t<span class='mc-date no-events'><span aria-hidden='true'>23<\/span><span class='screen-reader-text'>23 Aprile 2026<\/span><\/span>\r\r\n\t\t\t\t\t\t\t\t\t\t\t\t<\/td>\n\r\r\n\t\t\t\t\t\t\t\t\t\t\t\t<td  class='no-events ven future-day   day-with-date'>\r\r\n\t\t\t\t\t\t\t\t\t\t\t\t\t<span class='mc-date no-events'><span aria-hidden='true'>24<\/span><span class='screen-reader-text'>24 Aprile 2026<\/span><\/span>\r\r\n\t\t\t\t\t\t\t\t\t\t\t\t<\/td>\n\r\r\n\t\t\t\t\t\t\t\t\t\t\t\t<td  class='no-events sab future-day weekend  day-with-date'>\r\r\n\t\t\t\t\t\t\t\t\t\t\t\t\t<span class='mc-date no-events'><span aria-hidden='true'>25<\/span><span class='screen-reader-text'>25 Aprile 2026<\/span><\/span>\r\r\n\t\t\t\t\t\t\t\t\t\t\t\t<\/td>\n\r\r\n\t\t\t\t\t\t\t\t\t\t\t\t<td  class='no-events dom future-day weekend  day-with-date'>\r\r\n\t\t\t\t\t\t\t\t\t\t\t\t\t<span class='mc-date no-events'><span aria-hidden='true'>26<\/span><span class='screen-reader-text'>26 Aprile 2026<\/span><\/span>\r\r\n\t\t\t\t\t\t\t\t\t\t\t\t<\/td>\n<\/tr>\n<tr class='mc-row'>\r\r\n\t\t\t\t\t\t\t\t\t\t\t\t<td  class='no-events lun future-day   day-with-date'>\r\r\n\t\t\t\t\t\t\t\t\t\t\t\t\t<span class='mc-date no-events'><span aria-hidden='true'>27<\/span><span class='screen-reader-text'>27 Aprile 2026<\/span><\/span>\r\r\n\t\t\t\t\t\t\t\t\t\t\t\t<\/td>\n\r\r\n\t\t\t\t\t\t\t\t\t\t\t\t<td  class='no-events mar future-day   day-with-date'>\r\r\n\t\t\t\t\t\t\t\t\t\t\t\t\t<span class='mc-date no-events'><span aria-hidden='true'>28<\/span><span class='screen-reader-text'>28 Aprile 2026<\/span><\/span>\r\r\n\t\t\t\t\t\t\t\t\t\t\t\t<\/td>\n\r\r\n\t\t\t\t\t\t\t\t\t\t\t\t<td  class='no-events mer future-day   day-with-date'>\r\r\n\t\t\t\t\t\t\t\t\t\t\t\t\t<span class='mc-date no-events'><span aria-hidden='true'>29<\/span><span class='screen-reader-text'>29 Aprile 2026<\/span><\/span>\r\r\n\t\t\t\t\t\t\t\t\t\t\t\t<\/td>\n\r\r\n\t\t\t\t\t\t\t\t\t\t\t\t<td  class='no-events gio future-day   day-with-date'>\r\r\n\t\t\t\t\t\t\t\t\t\t\t\t\t<span class='mc-date no-events'><span aria-hidden='true'>30<\/span><span class='screen-reader-text'>30 Aprile 2026<\/span><\/span>\r\r\n\t\t\t\t\t\t\t\t\t\t\t\t<\/td>\n\r\r\n\t\t\t\t\t\t\t\t\t\t\t\t<td  class='no-events ven future-day  nextmonth day-with-date'>\r\r\n\t\t\t\t\t\t\t\t\t\t\t\t\t<span class='mc-date no-events'><span aria-hidden='true'>1<\/span><span class='screen-reader-text'>1 Maggio 2026<\/span><\/span>\r\r\n\t\t\t\t\t\t\t\t\t\t\t\t<\/td>\n\r\r\n\t\t\t\t\t\t\t\t\t\t\t\t<td  class='no-events sab future-day weekend nextmonth day-with-date'>\r\r\n\t\t\t\t\t\t\t\t\t\t\t\t\t<span class='mc-date no-events'><span aria-hidden='true'>2<\/span><span class='screen-reader-text'>2 Maggio 2026<\/span><\/span>\r\r\n\t\t\t\t\t\t\t\t\t\t\t\t<\/td>\n\r\r\n\t\t\t\t\t\t\t\t\t\t\t\t<td  class='no-events dom future-day weekend nextmonth day-with-date'>\r\r\n\t\t\t\t\t\t\t\t\t\t\t\t\t<span class='mc-date no-events'><span aria-hidden='true'>3<\/span><span class='screen-reader-text'>3 Maggio 2026<\/span><\/span>\r\r\n\t\t\t\t\t\t\t\t\t\t\t\t<\/td>\n<\/tr>\n\n<\/tbody>\n<\/table><div class='mc_bottomnav'><div class=\"category-key\">\r\r\n\t\t\t\t<h3>Categorie<\/h3>\n<ul>\n<li class=\"cat_general\"><a href=\"https:\/\/www.diocesidiroma.it\/diaconato\/index.php\/my-calendar\/?mcat=1\" class=\"mcajax\"><span class=\"category-color-sample\"><img decoding=\"async\" src=\"https:\/\/www.diocesidiroma.it\/diaconato\/wp-content\/plugins\/my-calendar\/images\/icons\/event.png\" alt=\"\" style=\"background:#ffffcc;\" \/><\/span>General<\/a><\/li>\n<\/ul>\n<\/div><div class='mc-print'><a href='https:\/\/www.diocesidiroma.it\/diaconato?time=month&#038;yr=2026&#038;month=04&#038;dy=1&#038;href=%2F&#038;cid=mc-print-view'>Stampa<span class=\"maybe-hide\"> Visualizza<\/span><\/a><\/div><\/div><\/div>\n","protected":false},"excerpt":{"rendered":"PrecendenteSuccessivo Mese: Gennaio Febbraio Marzo Aprile Maggio Giugno Luglio Agosto Settembre Ottobre Novembre Dicembre Anno: 2018 2019 2020 2021 2022 2023 2024 2025 2026 2027 2028 2029 2030 Aprile 2026 Lunluned\u00ec Marmarted\u00ec Mermercoled\u00ec Giogioved\u00ec Venvenerd\u00ec Sabsabato Domdomenica 3030 Marzo 2026 3131 Marzo 2026 11 Aprile 2026 22 Aprile 2026 33 Aprile 2026 44 Aprile 2026 [...]","protected":false},"author":1,"featured_media":0,"parent":0,"menu_order":0,"comment_status":"closed","ping_status":"closed","template":"","meta":{"footnotes":""},"class_list":["post-18","page","type-page","status-publish","hentry"],"_links":{"self":[{"href":"https:\/\/www.diocesidiroma.it\/diaconato\/index.php\/wp-json\/wp\/v2\/pages\/18","targetHints":{"allow":["GET"]}}],"collection":[{"href":"https:\/\/www.diocesidiroma.it\/diaconato\/index.php\/wp-json\/wp\/v2\/pages"}],"about":[{"href":"https:\/\/www.diocesidiroma.it\/diaconato\/index.php\/wp-json\/wp\/v2\/types\/page"}],"author":[{"embeddable":true,"href":"https:\/\/www.diocesidiroma.it\/diaconato\/index.php\/wp-json\/wp\/v2\/users\/1"}],"replies":[{"embeddable":true,"href":"https:\/\/www.diocesidiroma.it\/diaconato\/index.php\/wp-json\/wp\/v2\/comments?post=18"}],"version-history":[{"count":2,"href":"https:\/\/www.diocesidiroma.it\/diaconato\/index.php\/wp-json\/wp\/v2\/pages\/18\/revisions"}],"predecessor-version":[{"id":43,"href":"https:\/\/www.diocesidiroma.it\/diaconato\/index.php\/wp-json\/wp\/v2\/pages\/18\/revisions\/43"}],"wp:attachment":[{"href":"https:\/\/www.diocesidiroma.it\/diaconato\/index.php\/wp-json\/wp\/v2\/media?parent=18"}],"curies":[{"name":"wp","href":"https:\/\/api.w.org\/{rel}","templated":true}]}}