{"id":106,"date":"2024-07-08T09:32:58","date_gmt":"2024-07-08T07:32:58","guid":{"rendered":"https:\/\/www.diocesidiroma.it\/missionario\/?page_id=106"},"modified":"2025-09-08T09:19:56","modified_gmt":"2025-09-08T07:19:56","slug":"cooperazione","status":"publish","type":"page","link":"https:\/\/www.diocesidiroma.it\/missionario\/index.php\/cooperazione\/","title":{"rendered":"Cooperazione"},"content":{"rendered":"<p>[vc_row full_width=&#8221;stretch_row&#8221; css=&#8221;.vc_custom_1719242470154{background-color: #e1a64d !important;}&#8221;][vc_column][vc_custom_heading text=&#8221;Cooperazione&#8221; font_container=&#8221;tag:h1|text_align:left|color:%23ffffff&#8221; google_fonts=&#8221;font_family:Titillium%20Web%3A200%2C200italic%2C300%2C300italic%2Cregular%2Citalic%2C600%2C600italic%2C700%2C700italic%2C900|font_style:400%20regular%3A400%3Anormal&#8221; css=&#8221;.vc_custom_1718970149965{margin-top: 0px !important;padding-top: 0px !important;}&#8221;][\/vc_column][\/vc_row][vc_row full_width=&#8221;stretch_row&#8221;][vc_column width=&#8221;1\/2&#8243;][vc_column_text]<strong>Il Centro Missionario Diocesano<\/strong> (CMD) di Roma si prefigge idealmente di proporre un itinerario di fede all\u2019insegna della promozione ad gentes nell\u2019ambito della Chiesa presente nell\u2019Urbe. Tale impegno pastorale si svolge coinvolgendo tutti coloro che \u2013 nelle parrocchie, nei singoli, gruppi, associazioni, congregazioni religiose\u2026 \u2013 per vocazione o sensibilit\u00e0, si occupano di evangelizzazione ad extra.<\/p>\n<p><strong>La Road Map del CMD<\/strong> \u00e8 espressa a chiare lettere nell\u2019Esortazione Apostolica Evangelii Gaudium di papa Francesco: \u201cL\u2019intimit\u00e0 della Chiesa con Ges\u00f9 \u00e8 un\u2019intimit\u00e0 itinerante, e la comunione si configura essenzialmente come\u00a0comunione missionaria. Fedele al modello del Maestro, \u00e8 vitale che oggi la Chiesa esca ad annunciare il Vangelo a tutti, in tutti i luoghi, in tutte le occasioni, senza indugio, senza repulsioni e senza paura. La gioia del Vangelo \u00e8 per tutto il popolo, non pu\u00f2 escludere nessuno\u201d. Da rilevare che il pensiero di Papa Bergoglio \u00e8 in linea con quello dell\u2019episcopato italiano che gi\u00e0 negli anni \u201880 affermava che: \u201cLa missione non \u00e8 opera di navigatori solitari: la comunione \u00e8 la prima forma della missione\u201d.<\/p>\n<p><a href=\"#_ftnref1\" name=\"_ftn1\"><\/a>[\/vc_column_text][\/vc_column][vc_column width=&#8221;1\/2&#8243;][\/vc_column][\/vc_row]<\/p>\n","protected":false},"excerpt":{"rendered":"<p>[vc_row full_width=&#8221;stretch_row&#8221; css=&#8221;.vc_custom_1719242470154{background-color: #e1a64d !important;}&#8221;][vc_column][vc_custom_heading text=&#8221;Cooperazione&#8221; font_container=&#8221;tag:h1|text_align:left|color:%23ffffff&#8221; google_fonts=&#8221;font_family:Titillium%20Web%3A200%2C200italic%2C300%2C300italic%2Cregular%2Citalic%2C600%2C600italic%2C700%2C700italic%2C900|font_style:400%20regular%3A400%3Anormal&#8221; css=&#8221;.vc_custom_1718970149965{margin-top: 0px !important;padding-top: 0px !important;}&#8221;][\/vc_column][\/vc_row][vc_row full_width=&#8221;stretch_row&#8221;][vc_column width=&#8221;1\/2&#8243;][vc_column_text]Il Centro Missionario Diocesano (CMD) di Roma si prefigge idealmente di proporre un itinerario di fede all\u2019insegna della promozione ad gentes nell\u2019ambito della Chiesa presente nell\u2019Urbe. Tale impegno pastorale si svolge coinvolgendo tutti coloro che \u2013 nelle parrocchie, nei singoli, gruppi, [&hellip;]<\/p>\n","protected":false},"author":3,"featured_media":0,"parent":0,"menu_order":0,"comment_status":"closed","ping_status":"closed","template":"","meta":{"footnotes":""},"class_list":["post-106","page","type-page","status-publish","hentry"],"_links":{"self":[{"href":"https:\/\/www.diocesidiroma.it\/missionario\/index.php\/wp-json\/wp\/v2\/pages\/106","targetHints":{"allow":["GET"]}}],"collection":[{"href":"https:\/\/www.diocesidiroma.it\/missionario\/index.php\/wp-json\/wp\/v2\/pages"}],"about":[{"href":"https:\/\/www.diocesidiroma.it\/missionario\/index.php\/wp-json\/wp\/v2\/types\/page"}],"author":[{"embeddable":true,"href":"https:\/\/www.diocesidiroma.it\/missionario\/index.php\/wp-json\/wp\/v2\/users\/3"}],"replies":[{"embeddable":true,"href":"https:\/\/www.diocesidiroma.it\/missionario\/index.php\/wp-json\/wp\/v2\/comments?post=106"}],"version-history":[{"count":2,"href":"https:\/\/www.diocesidiroma.it\/missionario\/index.php\/wp-json\/wp\/v2\/pages\/106\/revisions"}],"predecessor-version":[{"id":209,"href":"https:\/\/www.diocesidiroma.it\/missionario\/index.php\/wp-json\/wp\/v2\/pages\/106\/revisions\/209"}],"wp:attachment":[{"href":"https:\/\/www.diocesidiroma.it\/missionario\/index.php\/wp-json\/wp\/v2\/media?parent=106"}],"curies":[{"name":"wp","href":"https:\/\/api.w.org\/{rel}","templated":true}]}}