{"id":99,"date":"2024-07-08T09:29:58","date_gmt":"2024-07-08T07:29:58","guid":{"rendered":"https:\/\/www.diocesidiroma.it\/missionario\/?page_id=99"},"modified":"2026-04-14T15:34:17","modified_gmt":"2026-04-14T13:34:17","slug":"rendiconto","status":"publish","type":"page","link":"https:\/\/www.diocesidiroma.it\/missionario\/index.php\/rendiconto\/","title":{"rendered":"Rendiconto"},"content":{"rendered":"<p>[vc_row full_width=&#8221;stretch_row&#8221; css=&#8221;.vc_custom_1719234625653{background-color: #e1a64d !important;}&#8221;][vc_column][vc_custom_heading text=&#8221;Rendiconto annuale&#8221; font_container=&#8221;tag:h1|text_align:left|color:%23ffffff&#8221; google_fonts=&#8221;font_family:Titillium%20Web%3A200%2C200italic%2C300%2C300italic%2Cregular%2Citalic%2C600%2C600italic%2C700%2C700italic%2C900|font_style:400%20regular%3A400%3Anormal&#8221; css=&#8221;.vc_custom_1719229405149{margin-top: 0px !important;padding-top: 0px !important;}&#8221;][\/vc_column][\/vc_row][vc_row full_width=&#8221;stretch_row&#8221;][vc_column]\r\n\t<div  class=\"bs-shortcode bs-heading-shortcode \">\r\r\n\t\t\r\n\t\t<h3 class=\"section-heading sh-t1 sh-s1\">\r\r\n\t\t\r\n\t\t<span class=\"h-text\">La Diocesi di Roma per il Fondo Universale di Solidariet\u00e0 per le Missioni<\/span>\r\r\n\t\t\r\n\t\t<\/h3>\r\r\n\t\t\r\n\t<\/div>\r\r\n[\/vc_column][\/vc_row][vc_row full_width=&#8221;stretch_row&#8221;][vc_column width=&#8221;1\/2&#8243;][vc_column_text]Posso dire che le gioie pi\u00f9 belle e spontanee che ho visto nel corso della mia vita sono quelle di persone molto povere che hanno poco a cui aggrapparsi. Ricordo anche la gioia genuina di coloro che, anche in mezzo a grandi impegni professionali, hanno saputo conservare un cuore credente, generoso e semplice. In varie maniere, queste gioie attingono alla fonte dell\u2019amore sempre pi\u00f9 grande di Dio che si \u00e8 manifestato in Ges\u00f9 Cristo. (Evengelii Gaudium 7)[\/vc_column_text][\/vc_column][vc_column width=&#8221;1\/2&#8243;][vc_column_text]Grazie a quanti hanno saputo conservare e conserveranno \u201cun cuore credente, generoso e semplice\u201d, a quanti hanno donato con gioia per promuovere e sostenere anche economicamente la cooperazione tra le Chiese. Il sostegno generoso di tutti pone le condizioni perch\u00e9 la nostra Diocesi possa, con umilt\u00e0 e semplicit\u00e0, esprimere il primato della carit\u00e0 che supera ogni confine geografico.[\/vc_column_text][\/vc_column][\/vc_row][vc_row full_width=&#8221;stretch_row&#8221;][vc_column width=&#8221;1\/2&#8243;][vc_column_text]<\/p>\n<h3>SINTESI RENDICONTO<\/h3>\n<p><a title=\"Scarica la sintesi rendiconto 2024-2025 in formato PDF\" href=\"https:\/\/www.diocesidiroma.it\/missionario\/wp-content\/uploads\/2026\/04\/Sintesi-Rendiconto-2024-2025.pdf\">Sintesi rendiconto 2024-2025<\/a><\/p>\n<hr \/>\n<p><a title=\"Scarica la sintesi rendiconto 2023-2024 in formato PDF\" href=\"https:\/\/www.diocesidiroma.it\/missionario\/wp-content\/uploads\/2026\/04\/Sintesi-Rendiconto-2023-2024.pdf\">Sintesi rendiconto 2023-2024<\/a><\/p>\n<hr \/>\n<p><a title=\"Scarica la sintesi rendiconto 2022-2023 in formato PDF\" href=\"https:\/\/www.diocesidiroma.it\/missionario\/wp-content\/uploads\/2025\/09\/sintesi_rendiconto_2022-2023.pdf\">Sintesi rendiconto 2022-2023<\/a><\/p>\n<hr \/>\n<p><a title=\"Scarica la sintesi rendiconto 2021-2022 in formato PDF\" href=\"https:\/\/www.diocesidiroma.it\/missionario\/wp-content\/uploads\/2025\/09\/sintesi_rendiconto_2021-2022.pdf\">Sintesi rendiconto 2021-2022<\/a><\/p>\n<hr \/>\n<p><a title=\"Scarica la sintesi rendiconto 2020-2021 in formato PDF\" href=\"https:\/\/www.diocesidiroma.it\/missionario\/wp-content\/uploads\/2025\/09\/sintesi-rendiconto-2020-2021.pdf\">Sintesi rendiconto 2020-2021<\/a><\/p>\n<hr \/>\n<p><a title=\"Scarica la sintesi rendiconto 2017-2020 in formato PDF\" href=\"https:\/\/www.diocesidiroma.it\/missionario\/wp-content\/uploads\/2025\/09\/sintesi_rendiconto_2017-2020.pdf\">Sintesi rendiconto 2017-2020<\/a><\/p>\n<hr \/>\n<p><a title=\"Scarica la sintesi rendiconto 2016-2019 in formato PDF\" href=\"https:\/\/www.diocesidiroma.it\/missionario\/wp-content\/uploads\/2025\/09\/sintesi_rendiconto_2016-2019.pdf\">Sintesi rendiconto 2016-2019<\/a><\/p>\n<hr \/>\n<p>[\/vc_column_text][\/vc_column][vc_column width=&#8221;1\/2&#8243;][vc_column_text]<\/p>\n<h3>DETTAGLIO RENDICONTO<\/h3>\n<p><a title=\"Scarica il rendiconto dettagliato annuale 2024-2025 in formato PDF\" href=\"https:\/\/www.diocesidiroma.it\/missionario\/wp-content\/uploads\/2026\/04\/Rendiconto-OFFERTE-2024-25.pdf\">Rendiconto dettagliato annuale 2024-2025<\/a><\/p>\n<hr \/>\n<p><a title=\"Scarica il rendiconto dettagliato annuale 2022-2023 in formato PDF\" href=\"https:\/\/www.diocesidiroma.it\/missionario\/wp-content\/uploads\/2025\/09\/rendiconto_2022-2023_dettagliato.pdf\">Rendiconto dettagliato annuale 2022-2023<\/a><\/p>\n<hr \/>\n<p><a title=\"Scarica il rendiconto dettagliato annuale 2021-2022 in formato PDF\" href=\"https:\/\/www.diocesidiroma.it\/missionario\/wp-content\/uploads\/2025\/09\/rendiconto_2021-2022_dettagliato.pdf\">Rendiconto dettagliato annuale 2021-2022<\/a><\/p>\n<hr \/>\n<p><a title=\"Scarica il rendiconto dettagliato annuale 2020-2021 in formato PDF\" href=\"https:\/\/www.diocesidiroma.it\/missionario\/wp-content\/uploads\/2025\/09\/rendiconto_2020-2021_dettagliato.pdf\">Rendiconto dettagliato annuale 2020-2021<\/a><\/p>\n<hr \/>\n<p><a title=\"Scarica il rendiconto dettagliato annuale 2019-2020 in formato PDF\" href=\"https:\/\/www.diocesidiroma.it\/missionario\/wp-content\/uploads\/2025\/09\/rendiconto_2019-2020_dettagliato.pdf\">Rendiconto dettagliato annuale 2019-2020<\/a><\/p>\n<hr \/>\n<p><a title=\"Scarica il rendiconto dettagliato annuale 2018-2019 in formato PDF\" href=\"https:\/\/www.diocesidiroma.it\/missionario\/wp-content\/uploads\/2025\/09\/rendiconto_2018-2019_dettagliato.pdf\">Rendiconto dettagliato annuale 2018-2019<\/a><\/p>\n<hr \/>\n<p><a title=\"Scarica il rendiconto dettagliato annuale 2017-2018 in formato PDF\" href=\"https:\/\/www.diocesidiroma.it\/missionario\/wp-content\/uploads\/2025\/09\/rendiconto_2017-2018_dettagliato.pdf\">Rendiconto dettagliato annuale 2017-2018<\/a><\/p>\n<hr \/>\n<p><a title=\"Scarica il rendiconto dettagliato annuale 2016-2017 in formato PDF\" href=\"https:\/\/www.diocesidiroma.it\/missionario\/wp-content\/uploads\/2025\/09\/rendiconto_2016-2017_dettagliato.pdf\">Rendiconto dettagliato annuale 2016-2017<\/a><\/p>\n<hr \/>\n<p>[\/vc_column_text][\/vc_column][\/vc_row]<\/p>\n","protected":false},"excerpt":{"rendered":"<p>[vc_row full_width=&#8221;stretch_row&#8221; css=&#8221;.vc_custom_1719234625653{background-color: #e1a64d !important;}&#8221;][vc_column][vc_custom_heading text=&#8221;Rendiconto annuale&#8221; font_container=&#8221;tag:h1|text_align:left|color:%23ffffff&#8221; google_fonts=&#8221;font_family:Titillium%20Web%3A200%2C200italic%2C300%2C300italic%2Cregular%2Citalic%2C600%2C600italic%2C700%2C700italic%2C900|font_style:400%20regular%3A400%3Anormal&#8221; css=&#8221;.vc_custom_1719229405149{margin-top: 0px !important;padding-top: 0px !important;}&#8221;][\/vc_column][\/vc_row][vc_row full_width=&#8221;stretch_row&#8221;][vc_column][\/vc_column][\/vc_row][vc_row full_width=&#8221;stretch_row&#8221;][vc_column width=&#8221;1\/2&#8243;][vc_column_text]Posso dire che le gioie pi\u00f9 belle e spontanee che ho visto nel corso della mia vita sono quelle di persone molto povere che hanno poco a cui aggrapparsi. Ricordo anche la gioia genuina di coloro che, anche in [&hellip;]<\/p>\n","protected":false},"author":3,"featured_media":0,"parent":0,"menu_order":0,"comment_status":"closed","ping_status":"closed","template":"","meta":{"footnotes":""},"class_list":["post-99","page","type-page","status-publish","hentry"],"_links":{"self":[{"href":"https:\/\/www.diocesidiroma.it\/missionario\/index.php\/wp-json\/wp\/v2\/pages\/99","targetHints":{"allow":["GET"]}}],"collection":[{"href":"https:\/\/www.diocesidiroma.it\/missionario\/index.php\/wp-json\/wp\/v2\/pages"}],"about":[{"href":"https:\/\/www.diocesidiroma.it\/missionario\/index.php\/wp-json\/wp\/v2\/types\/page"}],"author":[{"embeddable":true,"href":"https:\/\/www.diocesidiroma.it\/missionario\/index.php\/wp-json\/wp\/v2\/users\/3"}],"replies":[{"embeddable":true,"href":"https:\/\/www.diocesidiroma.it\/missionario\/index.php\/wp-json\/wp\/v2\/comments?post=99"}],"version-history":[{"count":7,"href":"https:\/\/www.diocesidiroma.it\/missionario\/index.php\/wp-json\/wp\/v2\/pages\/99\/revisions"}],"predecessor-version":[{"id":795,"href":"https:\/\/www.diocesidiroma.it\/missionario\/index.php\/wp-json\/wp\/v2\/pages\/99\/revisions\/795"}],"wp:attachment":[{"href":"https:\/\/www.diocesidiroma.it\/missionario\/index.php\/wp-json\/wp\/v2\/media?parent=99"}],"curies":[{"name":"wp","href":"https:\/\/api.w.org\/{rel}","templated":true}]}}