{"id":486,"date":"2021-05-13T08:06:23","date_gmt":"2021-05-13T06:06:23","guid":{"rendered":"https:\/\/www.diocesidiroma.it\/tribunaleprimaistanza\/?page_id=486"},"modified":"2024-06-21T12:54:16","modified_gmt":"2024-06-21T10:54:16","slug":"costi","status":"publish","type":"page","link":"https:\/\/www.diocesidiroma.it\/tribunaleprimaistanza\/index.php\/costi\/","title":{"rendered":"Costi del processo"},"content":{"rendered":"<p>[vc_row][vc_column][vc_tta_tabs][vc_tta_section title=&#8221;Contributo delle Parti&#8221; tab_id=&#8221;1616603168849-baa1d77d-0346&#8243;][vc_column_text]<\/p>\n<p style=\"text-align: justify;\">Le Parti costituite in giudizio sia con il Patrono di fiducia che con un Patrono stabile, sono tenute a concorrere alle spese giudiziali con il <a href=\"https:\/\/www.diocesidiroma.it\/tribunaleprimaistanza\/index.php\/fonti\/#1631175375675-71d74df7-6ecb\" target=\"_blank\" rel=\"noopener\">versamento<\/a> di un contributo nella misura e secondo le <a href=\"https:\/\/www.diocesidiroma.it\/tribunaleprimaistanza\/wp-content\/uploads\/2024\/06\/Determinazioni-Tribunali-Ecclesiastici-italiani-1-gennaio-2019.pdf\" target=\"_blank\" rel=\"noopener\">modalit\u00e0 determinate dalla CEI<\/a>. Qualora non siano in grado di sostenere tale contributo possono chiedere al Vicario giudiziale l\u2019esenzione o la riduzione del medesimo contributo (vedi <a href=\"https:\/\/www.diocesidiroma.it\/tribunaleprimaistanza\/index.php\/costi\/#1632391862221-7bb9fb3d-75f3\" target=\"_blank\" rel=\"noopener\">Gratuito patrocinio<\/a>).<\/p>\n<p style=\"text-align: justify;\">L\u2019eventuale richiesta di rateizzazione del medesimo contributo deve essere presentata per iscritto al Vicario giudiziale il quale, valutate le motivazioni, pu\u00f2 disporre il pagamento suddiviso in rate.<\/p>\n<p style=\"text-align: justify;\">Si precisa che la Parte convenuta \u00e8 tenuta al versamento del suddetto contributo soltanto qualora si costituisca in giudizio.<\/p>\n<p>[\/vc_column_text][\/vc_tta_section][vc_tta_section title=&#8221;Patrono stabile&#8221; tab_id=&#8221;1616603168849-a56d8355-dad6&#8243;][vc_column_text]<\/p>\n<p style=\"text-align: justify;\">In caso di assegnazione del <a href=\"https:\/\/www.diocesidiroma.it\/tribunaleprimaistanza\/index.php\/avvocati\/#1633000249455-02935e7c-0103\" target=\"_blank\" rel=\"noopener\">Patrono stabile<\/a> il fedele \u00e8 tenuto unicamente al <a href=\"https:\/\/www.diocesidiroma.it\/tribunaleprimaistanza\/wp-content\/uploads\/2024\/06\/Determinazioni-Tribunali-Ecclesiastici-italiani-1-gennaio-2019.pdf\" target=\"_blank\" rel=\"noopener\">versamento del contributo previsto dalla CEI<\/a>.<\/p>\n<p style=\"text-align: justify;\">Il Patrono stabile non pu\u00f2 ricevere, neppure indirettamente, alcun compenso dai fedeli, n\u00e9 per la consulenza n\u00e9 per il patrocinio o rappresentanza in giudizio.<\/p>\n<p>[\/vc_column_text][\/vc_tta_section][vc_tta_section title=&#8221;Patrono di fiducia&#8221; tab_id=&#8221;1632391860325-89ed9143-8f3b&#8221;][vc_column_text]<\/p>\n<p style=\"text-align: justify;\">L\u2019onorario dei <a href=\"https:\/\/www.diocesidiroma.it\/tribunaleprimaistanza\/index.php\/avvocati\/#1633000444743-78f40b58-2eec\" target=\"_blank\" rel=\"noopener\">Patroni di fiducia<\/a> (Avvocati e Procuratori) \u00e8 regolamentato dalla <a href=\"https:\/\/www.diocesidiroma.it\/tribunaleprimaistanza\/wp-content\/uploads\/2024\/06\/Determinazioni-Tribunali-Ecclesiastici-italiani-\u2013-1-gennaio-2020.pdf\" target=\"_blank\" rel=\"noopener\">normativa CEI<\/a>, alla quale si rinvia integralmente.<\/p>\n<p>[\/vc_column_text][\/vc_tta_section][vc_tta_section title=&#8221;Gratuito patrocinio&#8221; tab_id=&#8221;1632391862221-7bb9fb3d-75f3&#8243;][vc_column_text]<\/p>\n<p style=\"text-align: justify;\">Le Parti che non siano in grado di sostenere il <a href=\"https:\/\/www.diocesidiroma.it\/tribunaleprimaistanza\/index.php\/costi\/#1632391862221-7bb9fb3d-75f3\" target=\"_blank\" rel=\"noopener\">contributo<\/a> per concorrere alle spese giudiziali determinato dalla CEI possono chiedere al Vicario giudiziale l\u2019esenzione o la riduzione del medesimo contributo.\u00a0 A fronte di un reclamo avverso le decisioni del Vicario giudiziale, lo stesso deferisce la questione al Moderatore.<\/p>\n<p style=\"text-align: justify;\">Per l\u2019esenzione o la riduzione del contributo sono stabili i seguenti criteri:<\/p>\n<ol>\n<li>\n<p style=\"text-align: justify;\">la richiesta di riduzione o esenzione del contributo deve essere accompagnata da una lettera del parroco o di altro sacerdote che conosca personalmente la Parte e che ne attesti le condizioni economiche;<\/p>\n<\/li>\n<li>\n<p style=\"text-align: justify;\">la Parte che richiede la riduzione o la esenzione pu\u00f2 dimostrare il proprio reddito disponibile, che include la percezione di somme, anche se esenti da imposizione fiscale, e che tiene conto della situazione lavorativa, del patrimonio e dei redditi dei componenti della famiglia nonch\u00e9 della presenza nel nucleo familiare di figli minori e di persone disabili, utilizzando gli elementi rilevanti per il diritto civile, tra i quali l\u2019ISEE, le dichiarazioni dei redditi degli ultimi tre anni, la attestazione di disoccupazione, la attestazione di presenza nel nucleo familiare di minori o di persone con disabilit\u00e0, eventuali certificazioni di spese rilevanti;<\/p>\n<\/li>\n<li>\n<p style=\"text-align: justify;\">per i redditi disponibili inferiori alla <a href=\"https:\/\/www.diocesidiroma.it\/tribunaleprimaistanza\/wp-content\/uploads\/2024\/06\/Determinazioni-Tribunali-Ecclesiastici-italiani-1-gennaio-2019.pdf\" target=\"_blank\" rel=\"noopener\">soglia di esenzione stabilita dalla CEI<\/a>, il Vicario giudiziale, valutata ogni altra circostanza, pu\u00f2 disporre la esenzione dal pagamento del contributo;<\/p>\n<\/li>\n<li>\n<p style=\"text-align: justify;\">per i redditi disponibili inferiori alla <a href=\"https:\/\/www.diocesidiroma.it\/tribunaleprimaistanza\/wp-content\/uploads\/2024\/06\/Determinazioni-Tribunali-Ecclesiastici-italiani-1-gennaio-2019.pdf\" target=\"_blank\" rel=\"noopener\">soglia di riduzione stabilita dalla CEI<\/a> e per i quali non vi sia luogo alla esenzione, il Vicario giudiziale, valutata ogni altra circostanza, pu\u00f2 disporre la riduzione alla met\u00e0 del contributo dovuto e anche una congrua rateizzazione dell\u2019importo.<\/p>\n<\/li>\n<\/ol>\n<p style=\"text-align: justify;\">Al fedele cui \u00e8 stata riconosciuta l\u2019esenzione dal contributo \u00e8 assegnato un Patrono d\u2019ufficio: pertanto egli non ha alcun obbligo economico n\u00e9 verso il Tribunale n\u00e9 nei confronti del Patrono che gli \u00e8 stato assegnato.<\/p>\n<p style=\"text-align: justify;\">Al fedele cui \u00e8 stata riconosciuta la riduzione del contributo \u00e8 assegnato un Patrono stabile o d\u2019ufficio: egli \u00e8 tenuto unicamente alla misura del contributo ridotto.<\/p>\n<p>[\/vc_column_text][\/vc_tta_section][vc_tta_section title=&#8221;Fondo di solidariet\u00e0&#8221; tab_id=&#8221;1632391864572-58e4b199-0cd0&#8243;][vc_column_text]<\/p>\n<p style=\"text-align: justify;\">Il Giudice che notifica il decreto esecutorio allega una comunicazione del Vicario giudiziale che illustri alle Parti che sono state attive nel giudizio i costi effettivi della causa e la possibilit\u00e0 per le stesse di integrare il contributo obbligatorio gi\u00e0 conferito, mediante un versamento volontario sul <a href=\"https:\/\/www.diocesidiroma.it\/tribunaleprimaistanza\/wp-content\/uploads\/2024\/06\/Determinazioni-Tribunali-Ecclesiastici-italiani-1-gennaio-2019.pdf\" target=\"_blank\" rel=\"noopener\"><em>Fondo tribunali per i meno abbienti<\/em> costituito presso la CEI (cfr n\u00b0 2)<\/a>, per l\u2019intero importo o parte di esso. Nella comunicazione sono indicate le modalit\u00e0 per provvedere alla predetta contribuzione.<\/p>\n<p>[\/vc_column_text][\/vc_tta_section][\/vc_tta_tabs][\/vc_column][\/vc_row]<\/p>\n","protected":false},"excerpt":{"rendered":"[vc_row][vc_column][vc_tta_tabs][vc_tta_section title=&#8221;Contributo delle Parti&#8221; tab_id=&#8221;1616603168849-baa1d77d-0346&#8243;][vc_column_text] Le Parti costituite in giudizio sia con il Patrono di fiducia che con un Patrono stabile, sono tenute a concorrere alle spese giudiziali con il versamento di un contributo nella misura e secondo le modalit\u00e0 <a href=\"https:\/\/www.diocesidiroma.it\/tribunaleprimaistanza\/index.php\/costi\/\"> Read more&#8230;<\/a>","protected":false},"author":1,"featured_media":0,"parent":0,"menu_order":0,"comment_status":"closed","ping_status":"closed","template":"","meta":{"footnotes":""},"class_list":["post-486","page","type-page","status-publish","hentry"],"_links":{"self":[{"href":"https:\/\/www.diocesidiroma.it\/tribunaleprimaistanza\/index.php\/wp-json\/wp\/v2\/pages\/486","targetHints":{"allow":["GET"]}}],"collection":[{"href":"https:\/\/www.diocesidiroma.it\/tribunaleprimaistanza\/index.php\/wp-json\/wp\/v2\/pages"}],"about":[{"href":"https:\/\/www.diocesidiroma.it\/tribunaleprimaistanza\/index.php\/wp-json\/wp\/v2\/types\/page"}],"author":[{"embeddable":true,"href":"https:\/\/www.diocesidiroma.it\/tribunaleprimaistanza\/index.php\/wp-json\/wp\/v2\/users\/1"}],"replies":[{"embeddable":true,"href":"https:\/\/www.diocesidiroma.it\/tribunaleprimaistanza\/index.php\/wp-json\/wp\/v2\/comments?post=486"}],"version-history":[{"count":27,"href":"https:\/\/www.diocesidiroma.it\/tribunaleprimaistanza\/index.php\/wp-json\/wp\/v2\/pages\/486\/revisions"}],"predecessor-version":[{"id":1900,"href":"https:\/\/www.diocesidiroma.it\/tribunaleprimaistanza\/index.php\/wp-json\/wp\/v2\/pages\/486\/revisions\/1900"}],"wp:attachment":[{"href":"https:\/\/www.diocesidiroma.it\/tribunaleprimaistanza\/index.php\/wp-json\/wp\/v2\/media?parent=486"}],"curies":[{"name":"wp","href":"https:\/\/api.w.org\/{rel}","templated":true}]}}