{"id":37,"date":"2025-01-28T14:33:22","date_gmt":"2025-01-28T13:33:22","guid":{"rendered":"https:\/\/www.diocesidiroma.it\/ufficioclero\/?page_id=37"},"modified":"2026-01-20T13:03:55","modified_gmt":"2026-01-20T12:03:55","slug":"documenti-celebret","status":"publish","type":"page","link":"https:\/\/www.diocesidiroma.it\/ufficioclero\/index.php\/documenti-celebret\/","title":{"rendered":"Documenti Celebret"},"content":{"rendered":"<div id=\"td_uid_1_69e7e669a575c\" class=\"tdc-row stretch_row_content td-stretch-content\"><div class=\"vc_row td_uid_1_69e7e669a5763_rand  wpb_row td-pb-row\" ><div class=\"vc_column td_uid_2_69e7e669a58e1_rand  wpb_column vc_column_container tdc-column td-pb-span8\"><div class=\"wpb_wrapper\"><div class=\"wpb_wrapper wpb_text_column td_block_wrap td_block_wrap vc_column_text td_uid_3_69e7e669a5952_rand  td-pb-border-top td_block_template_10\"  data-td-block-uid=\"td_uid_3_69e7e669a5952\" \"><div class=\"td-block-title-wrap\"><\/div><div class=\"td-fix-index\"><h1 class=\"u-align-left u-text u-text-1\" style=\"text-align: center;\">DOCUMENTI NECESSARI PER CELEBRET<\/h1>\n<h4 class=\"u-align-left u-text u-text-2\" style=\"text-align: center;\">\u00a0( da allegare al modello di Richiesta)<\/h4>\n<\/div><\/div><div class=\"wpb_wrapper wpb_text_column td_block_wrap td_block_wrap vc_column_text td_uid_4_69e7e669a7d99_rand  td-pb-border-top td_block_template_10\"  data-td-block-uid=\"td_uid_4_69e7e669a7d99\" \"><div class=\"td-block-title-wrap\"><\/div><div class=\"td-fix-index\"><h2 class=\"u-align-left u-text u-text-custom-color-1 u-text-3\"><span style=\"color: #ff0000;\">Sacerdoti Diocesani<\/span><\/h2>\n<ul class=\"u-align-left u-text u-text-4\">\n<li>Lettera Vescovo inviante a Roma<\/li>\n<li>Modulo di Buona Condotta (Modulo da scaricare)<\/li>\n<li>Lettera Superiore Collegio in cui si risiede<\/li>\n<li>Certificato di Iscrizione e Frequenza Universit\u00e0 (per studenti)<\/li>\n<li>Fotocopia Passaporto (in corso di validit\u00e0)<\/li>\n<li>Fotocopia Permesso di Soggiorno (in corso di validit\u00e0) esclusi Comunit\u00e0 Europea<\/li>\n<li>Celebret Diocesi di origine<\/li>\n<li>N\u00b0 1 foto con collare (formato tessera non scannerizzata)<\/li>\n<li>Modello Richiesta Celebret compilato \u200b (da scaricare)<\/li>\n<li>Liberatoria Legge sulla Privacy (da scaricare)<\/li>\n<\/ul>\n<\/div><\/div><div class=\"wpb_wrapper wpb_text_column td_block_wrap td_block_wrap vc_column_text td_uid_5_69e7e669a7f7c_rand  td-pb-border-top td_block_template_10\"  data-td-block-uid=\"td_uid_5_69e7e669a7f7c\" \"><div class=\"td-block-title-wrap\"><\/div><div class=\"td-fix-index\"><h2 class=\"u-align-left u-text u-text-custom-color-1 u-text-3\"><span style=\"color: #ff0000;\">Sacerdoti Religiosi<\/span><\/h2>\n<ul class=\"u-align-left u-text u-text-4\">\n<li>Modulo di Buona Condotta (Modulo da scaricare)<\/li>\n<li>Lettera Superiore inviante a Roma<\/li>\n<li>Lettera Superiore Collegio in cui si risiede<\/li>\n<li>Certificato di Iscrizione e Frequenza Universit\u00e0 (per studenti)<\/li>\n<li>Fotocopia Passaporto (in corso di validit\u00e0)<\/li>\n<li>Fotocopia Permesso di Soggiorno (in corso di validit\u00e0) esclusi Comunit\u00e0 Europea<\/li>\n<li>N.1 foto con collare (formato tessera non scannerizzata)<\/li>\n<li>Modello Richiesta Celebret compilato \u200b (da scaricare)<\/li>\n<li>Liberatoria Legge sulla Privacy \u200b (da scaricare)<\/li>\n<\/ul>\n<\/div><\/div><\/div><\/div><div class=\"vc_column td_uid_6_69e7e669a810d_rand  wpb_column vc_column_container tdc-column td-pb-span4\"><div class=\"wpb_wrapper\"><div class=\"wpb_wrapper td_block_wrap vc_widget_sidebar td_uid_7_69e7e669a815b_rand \" ><aside class=\"widget_text td_block_template_10 widget widget_custom_html\"><div class=\"textwidget custom-html-widget\"><link rel=\"stylesheet\" href=\"https:\/\/www.diocesidiroma.it\/ufficioclero\/nicepage.css\" media=\"screen\">\r\n<link rel=\"stylesheet\" href=\"https:\/\/www.diocesidiroma.it\/ufficioclero\/Home.css\" media=\"screen\">\r\n<script class=\"u-script\" type=\"text\/javascript\" src=\"https:\/\/www.diocesidiroma.it\/ufficioclero\/jquery.js\" defer=\"\"><\/script>\r\n<script class=\"u-script\" type=\"text\/javascript\" src=\"https:\/\/www.diocesidiroma.it\/ufficioclero\/nicepage.js\" defer=\"\"><\/script>\r\n<link id=\"u-theme-google-font\" rel=\"stylesheet\" href=\"https:\/\/fonts.googleapis.com\/css?family=Roboto:100,100i,300,300i,400,400i,500,500i,700,700i,900,900i|Open+Sans:300,300i,400,400i,600,600i,700,700i,800,800i\">\r\n<link id=\"u-page-google-font\" rel=\"stylesheet\" href=\"https:\/\/fonts.googleapis.com\/css?family=Open+Sans:300,300i,400,400i,600,600i,700,700i,800,800i\">\r\n<div class=\"u-align-center u-container-style u-expanded-width-xs u-group u-group-1\">\r\n<div class=\"u-container-layout u-valign-top-lg u-valign-top-xl u-container-layout-1\">\r\n<h3 class=\"u-text u-text-custom-color-1 u-text-default u-text-5\">Moduli da Scaricare <\/h3>\r\n<a href=\"https:\/\/www.diocesidiroma.it\/ufficioclero\/files\/ELENCO_DOCUMENTI_RINNOVO_CELEBRET.pdf\" class=\"u-align-right u-btn u-btn-round u-button-style u-file-link u-hover-custom-color-1 u-palette-1-base u-radius-9 u-btn-1\" target=\"_blank\" style=\"padding: 15px 20px\"><span class=\"u-file-icon u-icon u-text-white u-icon-1\"><img decoding=\"async\" src=\"https:\/\/www.diocesidiroma.it\/ufficioclero\/images\/3.png\" alt=\"\"><\/span>&nbsp;DOCUMENTI RINNOVO CELEBRET\r\n<\/a>\r\n<a href=\"https:\/\/www.diocesidiroma.it\/ufficioclero\/files\/DichiarazioneBuonaCondotta.pdf\" class=\"u-align-right u-btn u-btn-round u-button-style u-file-link u-hover-custom-color-1 u-palette-1-base u-radius-9 u-btn-8\" target=\"_blank\"><span class=\"u-file-icon u-icon u-text-white u-icon-1\"><img decoding=\"async\" src=\"https:\/\/www.diocesidiroma.it\/ufficioclero\/images\/3.png\" alt=\"\"><\/span>&nbsp;Modulo Buona Condotta\r\n<\/a>\r\n<a href=\"https:\/\/www.diocesidiroma.it\/ufficioclero\/files\/INFORMATIVA.pdf\" class=\"u-align-right u-btn u-btn-round u-button-style u-file-link u-hover-custom-color-1 u-palette-1-base u-radius-9 u-btn-8\" target=\"_blank\"><span class=\"u-file-icon u-icon u-text-white u-icon-1\"><img decoding=\"async\" src=\"https:\/\/www.diocesidiroma.it\/ufficioclero\/images\/3.png\" alt=\"\"><\/span>&nbsp;Mod. Privacy\r\n<\/a>\r\n<a href=\"https:\/\/www.diocesidiroma.it\/ufficioclero\/files\/MODULOSECOLARI.pdf\" class=\"u-align-right u-btn u-btn-round u-button-style u-file-link u-hover-custom-color-1 u-palette-1-base u-radius-9 u-btn-8\" target=\"_blank\"><span class=\"u-file-icon u-icon u-text-white u-icon-2\"><img decoding=\"async\" src=\"https:\/\/www.diocesidiroma.it\/ufficioclero\/images\/5.png\" alt=\"\"><\/span>&nbsp;Mod. Richiesta Diocesani\r\n<\/a>\r\n<a href=\"https:\/\/www.diocesidiroma.it\/ufficioclero\/files\/MODULOSTUDENTISECOLARI.pdf\" class=\"u-align-right u-btn u-btn-round u-button-style u-file-link u-hover-custom-color-1 u-palette-1-base u-radius-9 u-btn-8\" target=\"_blank\"><span class=\"u-file-icon u-icon u-text-white\"><img decoding=\"async\" src=\"https:\/\/www.diocesidiroma.it\/ufficioclero\/images\/5.png\" alt=\"\"><\/span>&nbsp;Mod. Richiesta Studenti diocesani\r\n<\/a>\r\n<a href=\"https:\/\/www.diocesidiroma.it\/ufficioclero\/files\/MODULORELIGIOSI.pdf\" class=\"u-align-right u-btn u-btn-round u-button-style u-file-link u-hover-custom-color-1 u-palette-1-base u-radius-9 u-btn-8\" target=\"_blank\"><span class=\"u-file-icon u-icon u-text-white\"><img decoding=\"async\" src=\"https:\/\/www.diocesidiroma.it\/ufficioclero\/images\/5.png\" alt=\"\"><\/span>&nbsp;Mod. Richiesta religiosi\r\n<\/a>\r\n<a href=\"https:\/\/www.diocesidiroma.it\/ufficioclero\/files\/MODULOSTUDENTIRELIGIOSI.pdf\" class=\"u-align-right u-btn u-btn-round u-button-style u-file-link u-hover-custom-color-1 u-palette-1-base u-radius-9 u-btn-8\" target=\"_blank\"><span class=\"u-file-icon u-icon u-text-white\"><img decoding=\"async\" src=\"https:\/\/www.diocesidiroma.it\/ufficioclero\/images\/5.png\" alt=\"\"><\/span>&nbsp;Mod. Richiesta Studenti Religiosi\r\n<\/a>\r\n<\/div>\r\n<\/div><\/div><\/aside><\/div><\/div><\/div><\/div><\/div>\r\n\t\t<script>\r\n\r\n\t\t\tjQuery(window).load(function () {\r\n\t\t\t\tjQuery('body').find('#td_uid_1_69e7e669a575c .td-element-style').each(function (index, element) {\r\n\t\t\t\t\tjQuery(element).css('opacity', 1);\r\n\t\t\t\t\treturn;\r\n\t\t\t\t});\r\n\t\t\t});\r\n\r\n\t\t<\/script>\r\n\r\n\t\t\r\n\t\t\t<script>\r\n\r\n\t\t\t\tjQuery(window).ready(function () {\r\n\r\n\t\t\t\t\t\/\/ We need timeout because the content must be rendered and interpreted on client\r\n\t\t\t\t\tsetTimeout(function () {\r\n\r\n\t\t\t\t\t\tvar $content = jQuery('body').find('#tdc-live-iframe'),\r\n\t\t\t\t\t\t\trefWindow = undefined;\r\n\r\n\t\t\t\t\t\tif ($content.length) {\r\n\t\t\t\t\t\t\t$content = $content.contents();\r\n\t\t\t\t\t\t\trefWindow = document.getElementById('tdc-live-iframe').contentWindow || document.getElementById('tdc-live-iframe').contentDocument;\r\n\r\n\t\t\t\t\t\t} else {\r\n\t\t\t\t\t\t\t$content = jQuery('body');\r\n\t\t\t\t\t\t\trefWindow = window;\r\n\t\t\t\t\t\t}\r\n\r\n\t\t\t\t\t\t$content.find('#td_uid_1_69e7e669a575c .td-element-style').each(function (index, element) {\r\n\t\t\t\t\t\t\tjQuery(element).css('opacity', 1);\r\n\t\t\t\t\t\t\treturn;\r\n\t\t\t\t\t\t});\r\n\t\t\t\t\t});\r\n\r\n\t\t\t\t}, 200);\r\n\t\t\t<\/script>\r\n\r\n\t\t\t","protected":false},"excerpt":{"rendered":"Sacerdoti Diocesani Lettera Vescovo inviante a Roma Modulo di Buona Condotta (Modulo da scaricare) Lettera Superiore Collegio in cui si risiede Certificato di Iscrizione e Frequenza Universit\u00e0 (per studenti) Fotocopia Passaporto (in corso di validit\u00e0) Fotocopia Permesso di Soggiorno (in corso di validit\u00e0) esclusi Comunit\u00e0 Europea Celebret Diocesi di origine N\u00b0 1 foto con collare [...]","protected":false},"author":1,"featured_media":0,"parent":0,"menu_order":0,"comment_status":"closed","ping_status":"closed","template":"","meta":{"footnotes":""},"class_list":["post-37","page","type-page","status-publish","hentry"],"_links":{"self":[{"href":"https:\/\/www.diocesidiroma.it\/ufficioclero\/index.php\/wp-json\/wp\/v2\/pages\/37","targetHints":{"allow":["GET"]}}],"collection":[{"href":"https:\/\/www.diocesidiroma.it\/ufficioclero\/index.php\/wp-json\/wp\/v2\/pages"}],"about":[{"href":"https:\/\/www.diocesidiroma.it\/ufficioclero\/index.php\/wp-json\/wp\/v2\/types\/page"}],"author":[{"embeddable":true,"href":"https:\/\/www.diocesidiroma.it\/ufficioclero\/index.php\/wp-json\/wp\/v2\/users\/1"}],"replies":[{"embeddable":true,"href":"https:\/\/www.diocesidiroma.it\/ufficioclero\/index.php\/wp-json\/wp\/v2\/comments?post=37"}],"version-history":[{"count":10,"href":"https:\/\/www.diocesidiroma.it\/ufficioclero\/index.php\/wp-json\/wp\/v2\/pages\/37\/revisions"}],"predecessor-version":[{"id":101,"href":"https:\/\/www.diocesidiroma.it\/ufficioclero\/index.php\/wp-json\/wp\/v2\/pages\/37\/revisions\/101"}],"wp:attachment":[{"href":"https:\/\/www.diocesidiroma.it\/ufficioclero\/index.php\/wp-json\/wp\/v2\/media?parent=37"}],"curies":[{"name":"wp","href":"https:\/\/api.w.org\/{rel}","templated":true}]}}